{"id":3816,"date":"2023-06-30T14:11:31","date_gmt":"2023-06-30T12:11:31","guid":{"rendered":"https:\/\/www.italdiamant.com\/productos\/herramientas-diamantadas-para-ceramica-y-gres-porcelanico\/fresas-planas-de-teflon-evogres\/"},"modified":"2023-11-20T14:59:13","modified_gmt":"2023-11-20T13:59:13","slug":"fresas-planas-de-teflon-evogres","status":"publish","type":"page","link":"https:\/\/www.italdiamant.com\/es\/productos\/herramientas-diamantadas-para-ceramica-y-gres-porcelanico\/fresas-planas-de-teflon-evogres\/","title":{"rendered":"Fresas planas de tefl\u00f3n EvoGres"},"content":{"rendered":"<p>[et_pb_section fb_built=\u00bb1&#8243; _builder_version=\u00bb4.21.0&#8243; _module_preset=\u00bbdefault\u00bb background_color=\u00bb#009FE3&#8243; custom_padding=\u00bb20px||||false|false\u00bb global_colors_info=\u00bb{}\u00bb][et_pb_row column_structure=\u00bb2_5,3_5&#8243; _builder_version=\u00bb4.21.0&#8243; _module_preset=\u00bbdefault\u00bb global_colors_info=\u00bb{}\u00bb][et_pb_column type=\u00bb2_5&#8243; _builder_version=\u00bb4.21.0&#8243; _module_preset=\u00bbdefault\u00bb global_colors_info=\u00bb{}\u00bb][et_pb_image src=\u00bbhttps:\/\/www.italdiamant.com\/wp-content\/uploads\/2023\/07\/Italdiamant_Evogres_teflon_grinding_wheels.jpg\u00bb title_text=\u00bbItaldiamant_Evogres_teflon_grinding_wheels\u00bb _builder_version=\u00bb4.21.0&#8243; _module_preset=\u00bbdefault\u00bb border_radii=\u00bbon|20px|20px|20px|20px\u00bb global_colors_info=\u00bb{}\u00bb][\/et_pb_image][\/et_pb_column][et_pb_column type=\u00bb3_5&#8243; _builder_version=\u00bb4.21.0&#8243; _module_preset=\u00bbdefault\u00bb global_colors_info=\u00bb{}\u00bb][et_pb_image src=\u00bbhttps:\/\/www.italdiamant.com\/wp-content\/uploads\/2023\/06\/black-arrow.png\u00bb title_text=\u00bbblack-arrow\u00bb _builder_version=\u00bb4.21.0&#8243; _module_preset=\u00bbdefault\u00bb global_colors_info=\u00bb{}\u00bb][\/et_pb_image][et_pb_text _builder_version=\u00bb4.21.0&#8243; _module_preset=\u00bbdefault\u00bb header_font=\u00bbRoboto Condensed|700|on|on|||||\u00bb header_font_size=\u00bb38px\u00bb header_letter_spacing=\u00bb2px\u00bb header_line_height=\u00bb1.2em\u00bb global_colors_info=\u00bb{}\u00bb]<\/p>\n<h1>Fresas planas de tefl\u00f3n EvoGres<\/h1>\n<p>[\/et_pb_text][et_pb_text _builder_version=\u00bb4.21.0&#8243; _module_preset=\u00bbdefault\u00bb global_colors_info=\u00bb{}\u00bb]<\/p>\n<p>Las fresas planas EvoGres con cuerpo en tefl\u00f3n de Italdiamant son perfectas para aquellos que buscan una excelente extracci\u00f3n de material combinada con una larga duraci\u00f3n. La incorporaci\u00f3n de un cuerpo mas ligero (gracias al cuerpo en tefl\u00f3n) permite su uso en cualquier maquinaria. Se pueden utilizar en m\u00e1rmol, granito y aglomerado de cuarzo.<\/p>\n<p>Tambi\u00e9n se pueden utilizar en m\u00e1rmol, granito y aglomerado de cuarzo.<\/p>\n<p>[\/et_pb_text][et_pb_button button_url=\u00bb@ET-DC@eyJkeW5hbWljIjp0cnVlLCJjb250ZW50IjoicG9zdF9saW5rX3VybF9wYWdlIiwic2V0dGluZ3MiOnsicG9zdF9pZCI6Ijg4In19@\u00bb button_text=\u00bbvolver a los productos\u00bb _builder_version=\u00bb4.21.0&#8243; _dynamic_attributes=\u00bbbutton_url\u00bb _module_preset=\u00bbdefault\u00bb custom_button=\u00bbon\u00bb button_text_size=\u00bb12px\u00bb button_text_color=\u00bb#FFFFFF\u00bb button_bg_color=\u00bb#000000&#8243; button_border_width=\u00bb0px\u00bb button_border_radius=\u00bb41px\u00bb button_letter_spacing=\u00bb2px\u00bb button_font=\u00bbRoboto Condensed|700||on|||||\u00bb custom_margin=\u00bb46px||||false|false\u00bb custom_padding=\u00bb10px|18px|10px|18px|true|true\u00bb box_shadow_style=\u00bbpreset2&#8243; box_shadow_horizontal=\u00bb0px\u00bb box_shadow_vertical=\u00bb12px\u00bb box_shadow_spread=\u00bb-6px\u00bb locked=\u00bboff\u00bb global_colors_info=\u00bb{}\u00bb][\/et_pb_button][\/et_pb_column][\/et_pb_row][\/et_pb_section][et_pb_section fb_built=\u00bb1&#8243; _builder_version=\u00bb4.21.0&#8243; _module_preset=\u00bbdefault\u00bb background_color=\u00bb#009FE3&#8243; background_image=\u00bbhttps:\/\/www.italdiamant.com\/wp-content\/uploads\/2023\/06\/blades-background.png\u00bb background_size=\u00bbcustom\u00bb background_image_width=\u00bb80%\u00bb background_position=\u00bbtop_center\u00bb custom_padding=\u00bb46px||80px||false|false\u00bb background_last_edited=\u00bbon|phone\u00bb background_image_width_phone=\u00bb100%\u00bb background_vertical_offset_phone=\u00bb18%\u00bb saved_tabs=\u00bball\u00bb locked=\u00bboff\u00bb global_colors_info=\u00bb{}\u00bb global_module=\u00bb4050&#8243;][et_pb_row _builder_version=\u00bb4.21.0&#8243; _module_preset=\u00bbdefault\u00bb custom_padding=\u00bb0px||0px||false|false\u00bb locked=\u00bboff\u00bb global_colors_info=\u00bb{}\u00bb][et_pb_column type=\u00bb4_4&#8243; _builder_version=\u00bb4.21.0&#8243; _module_preset=\u00bbdefault\u00bb global_colors_info=\u00bb{}\u00bb][et_pb_divider color=\u00bb#000000&#8243; divider_weight=\u00bb4px\u00bb _builder_version=\u00bb4.21.0&#8243; _module_preset=\u00bbdefault\u00bb max_width=\u00bb80px\u00bb height=\u00bb4px\u00bb custom_margin=\u00bb||25px||false|false\u00bb custom_padding=\u00bb28px||0px||false|false\u00bb global_colors_info=\u00bb{}\u00bb][\/et_pb_divider][et_pb_text _builder_version=\u00bb4.21.0&#8243; _module_preset=\u00bbdefault\u00bb header_2_font=\u00bbRoboto Condensed|700|on||||||\u00bb header_2_letter_spacing=\u00bb1px\u00bb global_colors_info=\u00bb{}\u00bb]<\/p>\n<h2 class=\"et_pb_contact_main_title et-fb-editable-element et-fb-editable-element__editing\" data-shortcode-id=\"2.0.0.1-1690531603567\" data-quickaccess-id=\"title\" contenteditable=\"true\">\u00bfLE INTERESA? ESCR\u00cdBANOS PARA AMPLIAR LA INFORMACI\u00d3N<\/h2>\n<p>[\/et_pb_text][dvppl_cf7_styler form_padding=\u00bb0px|0px|0px|0px|false|false\u00bb button_alignment=\u00bbright\u00bb cf7=\u00bb3285&#8243; form_field_padding=\u00bb12px|15px|10px|15px|false|false\u00bb form_background_color=\u00bb#FFFFFF\u00bb form_field_active_color=\u00bb#FF7F00&#8243; cr_custom_styles=\u00bbon\u00bb cr_border_color=\u00bbRGBA(255,255,255,0)\u00bb cr_border_size=\u00bb0px\u00bb cf7_message_color=\u00bb#c42731&#8243; cf7_success_message_bg_color=\u00bb#14AA35&#8243; cf7_success_border_color=\u00bbRGBA(255,255,255,0)\u00bb _builder_version=\u00bb4.23.1&#8243; _module_preset=\u00bbdefault\u00bb form_field_font_text_color=\u00bb#000000&#8243; form_field_font_font_size=\u00bb15px\u00bb placeholder_text_color=\u00bbrgba(0,0,0,0.63)\u00bb custom_submit_button=\u00bbon\u00bb submit_button_text_size=\u00bb16px\u00bb submit_button_bg_color=\u00bb#000000&#8243; submit_button_border_radius=\u00bb41px\u00bb submit_button_letter_spacing=\u00bb2px\u00bb submit_button_font=\u00bbRoboto Condensed|700||on|||||\u00bb submit_button_custom_padding=\u00bb14px|25px|14px|25px|true|true\u00bb border_radii_field=\u00bbon|14px|14px|14px|14px\u00bb border_color_all_field=\u00bbRGBA(255,255,255,0)\u00bb global_colors_info=\u00bb{}\u00bb][\/dvppl_cf7_styler][\/et_pb_column][\/et_pb_row][\/et_pb_section]<\/p>\n","protected":false},"excerpt":{"rendered":"<p>Fresas planas de tefl\u00f3n EvoGresLas fresas planas EvoGres con cuerpo en tefl\u00f3n de Italdiamant son perfectas para aquellos que buscan una excelente extracci\u00f3n de material combinada con una larga duraci\u00f3n. La incorporaci\u00f3n de un cuerpo mas ligero (gracias al cuerpo en tefl\u00f3n) permite su uso en cualquier maquinaria. Se pueden utilizar en m\u00e1rmol, granito y [&hellip;]<\/p>\n","protected":false},"author":1,"featured_media":0,"parent":3754,"menu_order":0,"comment_status":"closed","ping_status":"closed","template":"","meta":{"_et_pb_use_builder":"on","_et_pb_old_content":"","_et_gb_content_width":"","footnotes":""},"class_list":["post-3816","page","type-page","status-publish","hentry"],"yoast_head":"<!-- This site is optimized with the Yoast SEO plugin v27.4 - https:\/\/yoast.com\/product\/yoast-seo-wordpress\/ -->\n<title>Fresas planas de tefl\u00f3n EvoGres &#8226; Italdiamant<\/title>\n<meta name=\"description\" content=\"Descubra las fresas planas de tefl\u00f3n Evogres de Italdiamant: dise\u00f1adas para aligerar las cargas y reducir las vibraciones. Herramientas diamantadas de la m\u00e1s alta calidad, Made in Italy\" \/>\n<meta name=\"robots\" content=\"index, follow, max-snippet:-1, max-image-preview:large, max-video-preview:-1\" \/>\n<link rel=\"canonical\" href=\"https:\/\/www.italdiamant.com\/products\/ceramic-porcelain-gres-diamond-tools\/evogres-teflon-grinding-wheels\/\" \/>\n<meta property=\"og:locale\" content=\"es_ES\" \/>\n<meta property=\"og:type\" content=\"article\" \/>\n<meta property=\"og:title\" content=\"Fresas planas de tefl\u00f3n EvoGres &#8226; Italdiamant\" \/>\n<meta property=\"og:description\" content=\"Descubra las fresas planas de tefl\u00f3n Evogres de Italdiamant: dise\u00f1adas para aligerar las cargas y reducir las vibraciones. Herramientas diamantadas de la m\u00e1s alta calidad, Made in Italy\" \/>\n<meta property=\"og:url\" content=\"https:\/\/www.italdiamant.com\/products\/ceramic-porcelain-gres-diamond-tools\/evogres-teflon-grinding-wheels\/\" \/>\n<meta property=\"og:site_name\" content=\"Italdiamant\" \/>\n<meta property=\"article:modified_time\" content=\"2023-11-20T13:59:13+00:00\" \/>\n<meta property=\"og:image\" content=\"https:\/\/www.italdiamant.com\/wp-content\/uploads\/2023\/09\/Logo-Yoast-big.gif\" \/>\n\t<meta property=\"og:image:width\" content=\"1158\" \/>\n\t<meta property=\"og:image:height\" content=\"599\" \/>\n\t<meta property=\"og:image:type\" content=\"image\/gif\" \/>\n<meta name=\"twitter:card\" content=\"summary_large_image\" \/>\n<meta name=\"twitter:label1\" content=\"Tiempo de lectura\" \/>\n\t<meta name=\"twitter:data1\" content=\"3 minutos\" \/>\n<script type=\"application\/ld+json\" class=\"yoast-schema-graph\">{\"@context\":\"https:\\\/\\\/schema.org\",\"@graph\":[{\"@type\":\"WebPage\",\"@id\":\"https:\\\/\\\/www.italdiamant.com\\\/products\\\/ceramic-porcelain-gres-diamond-tools\\\/evogres-teflon-grinding-wheels\\\/\",\"url\":\"https:\\\/\\\/www.italdiamant.com\\\/products\\\/ceramic-porcelain-gres-diamond-tools\\\/evogres-teflon-grinding-wheels\\\/\",\"name\":\"Fresas planas de tefl\u00f3n EvoGres &#8226; Italdiamant\",\"isPartOf\":{\"@id\":\"https:\\\/\\\/www.italdiamant.com\\\/#website\"},\"datePublished\":\"2023-06-30T12:11:31+00:00\",\"dateModified\":\"2023-11-20T13:59:13+00:00\",\"description\":\"Descubra las fresas planas de tefl\u00f3n Evogres de Italdiamant: dise\u00f1adas para aligerar las cargas y reducir las vibraciones. Herramientas diamantadas de la m\u00e1s alta calidad, Made in Italy\",\"breadcrumb\":{\"@id\":\"https:\\\/\\\/www.italdiamant.com\\\/products\\\/ceramic-porcelain-gres-diamond-tools\\\/evogres-teflon-grinding-wheels\\\/#breadcrumb\"},\"inLanguage\":\"es\",\"potentialAction\":[{\"@type\":\"ReadAction\",\"target\":[\"https:\\\/\\\/www.italdiamant.com\\\/products\\\/ceramic-porcelain-gres-diamond-tools\\\/evogres-teflon-grinding-wheels\\\/\"]}]},{\"@type\":\"BreadcrumbList\",\"@id\":\"https:\\\/\\\/www.italdiamant.com\\\/products\\\/ceramic-porcelain-gres-diamond-tools\\\/evogres-teflon-grinding-wheels\\\/#breadcrumb\",\"itemListElement\":[{\"@type\":\"ListItem\",\"position\":1,\"name\":\"Home\",\"item\":\"https:\\\/\\\/www.italdiamant.com\\\/es\\\/\"},{\"@type\":\"ListItem\",\"position\":2,\"name\":\"Productos\",\"item\":\"https:\\\/\\\/www.italdiamant.com\\\/products\\\/\"},{\"@type\":\"ListItem\",\"position\":3,\"name\":\"herramientas diamantadas para cer\u00e1mica y gres porcel\u00e1nico\",\"item\":\"https:\\\/\\\/www.italdiamant.com\\\/products\\\/ceramic-porcelain-gres-diamond-tools\\\/\"},{\"@type\":\"ListItem\",\"position\":4,\"name\":\"Fresas planas de tefl\u00f3n EvoGres\"}]},{\"@type\":\"WebSite\",\"@id\":\"https:\\\/\\\/www.italdiamant.com\\\/#website\",\"url\":\"https:\\\/\\\/www.italdiamant.com\\\/\",\"name\":\"Italdiamant\",\"description\":\"always on the cutting edge\",\"publisher\":{\"@id\":\"https:\\\/\\\/www.italdiamant.com\\\/#organization\"},\"alternateName\":\"Italdiamant\",\"potentialAction\":[{\"@type\":\"SearchAction\",\"target\":{\"@type\":\"EntryPoint\",\"urlTemplate\":\"https:\\\/\\\/www.italdiamant.com\\\/?s={search_term_string}\"},\"query-input\":{\"@type\":\"PropertyValueSpecification\",\"valueRequired\":true,\"valueName\":\"search_term_string\"}}],\"inLanguage\":\"es\"},{\"@type\":\"Organization\",\"@id\":\"https:\\\/\\\/www.italdiamant.com\\\/#organization\",\"name\":\"Italdiamant\",\"url\":\"https:\\\/\\\/www.italdiamant.com\\\/\",\"logo\":{\"@type\":\"ImageObject\",\"inLanguage\":\"es\",\"@id\":\"https:\\\/\\\/www.italdiamant.com\\\/#\\\/schema\\\/logo\\\/image\\\/\",\"url\":\"https:\\\/\\\/www.italdiamant.com\\\/wp-content\\\/uploads\\\/2023\\\/09\\\/Logo-Yoast.gif\",\"contentUrl\":\"https:\\\/\\\/www.italdiamant.com\\\/wp-content\\\/uploads\\\/2023\\\/09\\\/Logo-Yoast.gif\",\"width\":257,\"height\":134,\"caption\":\"Italdiamant\"},\"image\":{\"@id\":\"https:\\\/\\\/www.italdiamant.com\\\/#\\\/schema\\\/logo\\\/image\\\/\"}}]}<\/script>\n<!-- \/ Yoast SEO plugin. -->","yoast_head_json":{"title":"Fresas planas de tefl\u00f3n EvoGres &#8226; Italdiamant","description":"Descubra las fresas planas de tefl\u00f3n Evogres de Italdiamant: dise\u00f1adas para aligerar las cargas y reducir las vibraciones. Herramientas diamantadas de la m\u00e1s alta calidad, Made in Italy","robots":{"index":"index","follow":"follow","max-snippet":"max-snippet:-1","max-image-preview":"max-image-preview:large","max-video-preview":"max-video-preview:-1"},"canonical":"https:\/\/www.italdiamant.com\/products\/ceramic-porcelain-gres-diamond-tools\/evogres-teflon-grinding-wheels\/","og_locale":"es_ES","og_type":"article","og_title":"Fresas planas de tefl\u00f3n EvoGres &#8226; Italdiamant","og_description":"Descubra las fresas planas de tefl\u00f3n Evogres de Italdiamant: dise\u00f1adas para aligerar las cargas y reducir las vibraciones. Herramientas diamantadas de la m\u00e1s alta calidad, Made in Italy","og_url":"https:\/\/www.italdiamant.com\/products\/ceramic-porcelain-gres-diamond-tools\/evogres-teflon-grinding-wheels\/","og_site_name":"Italdiamant","article_modified_time":"2023-11-20T13:59:13+00:00","og_image":[{"width":1158,"height":599,"url":"https:\/\/www.italdiamant.com\/wp-content\/uploads\/2023\/09\/Logo-Yoast-big.gif","type":"image\/gif"}],"twitter_card":"summary_large_image","twitter_misc":{"Tiempo de lectura":"3 minutos"},"schema":{"@context":"https:\/\/schema.org","@graph":[{"@type":"WebPage","@id":"https:\/\/www.italdiamant.com\/products\/ceramic-porcelain-gres-diamond-tools\/evogres-teflon-grinding-wheels\/","url":"https:\/\/www.italdiamant.com\/products\/ceramic-porcelain-gres-diamond-tools\/evogres-teflon-grinding-wheels\/","name":"Fresas planas de tefl\u00f3n EvoGres &#8226; Italdiamant","isPartOf":{"@id":"https:\/\/www.italdiamant.com\/#website"},"datePublished":"2023-06-30T12:11:31+00:00","dateModified":"2023-11-20T13:59:13+00:00","description":"Descubra las fresas planas de tefl\u00f3n Evogres de Italdiamant: dise\u00f1adas para aligerar las cargas y reducir las vibraciones. Herramientas diamantadas de la m\u00e1s alta calidad, Made in Italy","breadcrumb":{"@id":"https:\/\/www.italdiamant.com\/products\/ceramic-porcelain-gres-diamond-tools\/evogres-teflon-grinding-wheels\/#breadcrumb"},"inLanguage":"es","potentialAction":[{"@type":"ReadAction","target":["https:\/\/www.italdiamant.com\/products\/ceramic-porcelain-gres-diamond-tools\/evogres-teflon-grinding-wheels\/"]}]},{"@type":"BreadcrumbList","@id":"https:\/\/www.italdiamant.com\/products\/ceramic-porcelain-gres-diamond-tools\/evogres-teflon-grinding-wheels\/#breadcrumb","itemListElement":[{"@type":"ListItem","position":1,"name":"Home","item":"https:\/\/www.italdiamant.com\/es\/"},{"@type":"ListItem","position":2,"name":"Productos","item":"https:\/\/www.italdiamant.com\/products\/"},{"@type":"ListItem","position":3,"name":"herramientas diamantadas para cer\u00e1mica y gres porcel\u00e1nico","item":"https:\/\/www.italdiamant.com\/products\/ceramic-porcelain-gres-diamond-tools\/"},{"@type":"ListItem","position":4,"name":"Fresas planas de tefl\u00f3n EvoGres"}]},{"@type":"WebSite","@id":"https:\/\/www.italdiamant.com\/#website","url":"https:\/\/www.italdiamant.com\/","name":"Italdiamant","description":"always on the cutting edge","publisher":{"@id":"https:\/\/www.italdiamant.com\/#organization"},"alternateName":"Italdiamant","potentialAction":[{"@type":"SearchAction","target":{"@type":"EntryPoint","urlTemplate":"https:\/\/www.italdiamant.com\/?s={search_term_string}"},"query-input":{"@type":"PropertyValueSpecification","valueRequired":true,"valueName":"search_term_string"}}],"inLanguage":"es"},{"@type":"Organization","@id":"https:\/\/www.italdiamant.com\/#organization","name":"Italdiamant","url":"https:\/\/www.italdiamant.com\/","logo":{"@type":"ImageObject","inLanguage":"es","@id":"https:\/\/www.italdiamant.com\/#\/schema\/logo\/image\/","url":"https:\/\/www.italdiamant.com\/wp-content\/uploads\/2023\/09\/Logo-Yoast.gif","contentUrl":"https:\/\/www.italdiamant.com\/wp-content\/uploads\/2023\/09\/Logo-Yoast.gif","width":257,"height":134,"caption":"Italdiamant"},"image":{"@id":"https:\/\/www.italdiamant.com\/#\/schema\/logo\/image\/"}}]}},"_links":{"self":[{"href":"https:\/\/www.italdiamant.com\/es\/wp-json\/wp\/v2\/pages\/3816","targetHints":{"allow":["GET"]}}],"collection":[{"href":"https:\/\/www.italdiamant.com\/es\/wp-json\/wp\/v2\/pages"}],"about":[{"href":"https:\/\/www.italdiamant.com\/es\/wp-json\/wp\/v2\/types\/page"}],"author":[{"embeddable":true,"href":"https:\/\/www.italdiamant.com\/es\/wp-json\/wp\/v2\/users\/1"}],"replies":[{"embeddable":true,"href":"https:\/\/www.italdiamant.com\/es\/wp-json\/wp\/v2\/comments?post=3816"}],"version-history":[{"count":3,"href":"https:\/\/www.italdiamant.com\/es\/wp-json\/wp\/v2\/pages\/3816\/revisions"}],"predecessor-version":[{"id":4077,"href":"https:\/\/www.italdiamant.com\/es\/wp-json\/wp\/v2\/pages\/3816\/revisions\/4077"}],"up":[{"embeddable":true,"href":"https:\/\/www.italdiamant.com\/es\/wp-json\/wp\/v2\/pages\/3754"}],"wp:attachment":[{"href":"https:\/\/www.italdiamant.com\/es\/wp-json\/wp\/v2\/media?parent=3816"}],"curies":[{"name":"wp","href":"https:\/\/api.w.org\/{rel}","templated":true}]}}