{"id":3837,"date":"2023-06-28T11:52:58","date_gmt":"2023-06-28T09:52:58","guid":{"rendered":"https:\/\/www.italdiamant.com\/productos\/herramientas-diamantadas-para-construccion\/"},"modified":"2025-04-16T11:45:26","modified_gmt":"2025-04-16T09:45:26","slug":"herramientas-diamantadas-para-construccion","status":"publish","type":"page","link":"https:\/\/www.italdiamant.com\/es\/productos\/herramientas-diamantadas-para-construccion\/","title":{"rendered":"Herramientas diamantadas para construcci\u00f3n"},"content":{"rendered":"<p>[et_pb_section fb_built=\u00bb1&#8243; custom_padding_last_edited=\u00bbon|phone\u00bb next_background_color=\u00bb#000000&#8243; module_id=\u00bbcomo contactarnos\u00bb _builder_version=\u00bb4.21.0&#8243; _module_preset=\u00bbdefault\u00bb background_color=\u00bb#000000&#8243; custom_margin=\u00bb||0px||false|false\u00bb custom_padding=\u00bb60px||2px||false|false\u00bb custom_padding_tablet=\u00bb60px||2px||false|false\u00bb custom_padding_phone=\u00bb10px||||false|false\u00bb bottom_divider_style=\u00bbarrow\u00bb global_colors_info=\u00bb{}\u00bb][et_pb_row _builder_version=\u00bb4.21.0&#8243; _module_preset=\u00bbdefault\u00bb custom_margin=\u00bb|auto|7px|auto|false|false\u00bb custom_padding=\u00bb0px||||false|false\u00bb global_colors_info=\u00bb{}\u00bb][et_pb_column type=\u00bb4_4&#8243; _builder_version=\u00bb4.21.0&#8243; _module_preset=\u00bbdefault\u00bb global_colors_info=\u00bb{}\u00bb][et_pb_divider color=\u00bb#FFFFFF\u00bb divider_weight=\u00bb4px\u00bb _builder_version=\u00bb4.21.0&#8243; _module_preset=\u00bbdefault\u00bb max_width=\u00bb80px\u00bb height=\u00bb4px\u00bb custom_margin=\u00bb||25px||false|false\u00bb custom_padding=\u00bb28px||0px||false|false\u00bb global_colors_info=\u00bb{}\u00bb][\/et_pb_divider][et_pb_text _builder_version=\u00bb4.21.0&#8243; _module_preset=\u00bbdefault\u00bb header_font=\u00bbRoboto Condensed|700|on|on|||||\u00bb header_text_color=\u00bb#FFFFFF\u00bb header_font_size=\u00bb38px\u00bb header_letter_spacing=\u00bb2px\u00bb header_line_height=\u00bb1.2em\u00bb header_2_font=\u00bbRoboto Condensed|700|on|on|||||\u00bb header_2_text_color=\u00bb#FFFFFF\u00bb header_2_font_size=\u00bb36px\u00bb header_2_letter_spacing=\u00bb2px\u00bb header_2_line_height=\u00bb1.3em\u00bb custom_margin=\u00bb||31px||false|false\u00bb header_font_size_tablet=\u00bb38px\u00bb header_font_size_phone=\u00bb30px\u00bb header_font_size_last_edited=\u00bbon|phone\u00bb global_colors_info=\u00bb{}\u00bb]<\/p>\n<h1>herramientas diamantadas para construcci\u00f3n<\/h1>\n<p>[\/et_pb_text][et_pb_button button_url=\u00bb@ET-DC@eyJkeW5hbWljIjp0cnVlLCJjb250ZW50IjoicG9zdF9saW5rX3VybF9wYWdlIiwic2V0dGluZ3MiOnsicG9zdF9pZCI6Ijg4In19@\u00bb button_text=\u00bbvolver a los productos\u00bb button_alignment=\u00bbright\u00bb _builder_version=\u00bb4.21.0&#8243; _dynamic_attributes=\u00bbbutton_url\u00bb _module_preset=\u00bbdefault\u00bb custom_button=\u00bbon\u00bb button_text_size=\u00bb12px\u00bb button_text_color=\u00bb#000000&#8243; button_bg_color=\u00bb#FFFFFF\u00bb button_border_width=\u00bb0px\u00bb button_border_radius=\u00bb41px\u00bb button_letter_spacing=\u00bb2px\u00bb button_font=\u00bbRoboto Condensed|700||on|||||\u00bb custom_margin=\u00bb46px||||false|false\u00bb custom_padding=\u00bb10px|18px|10px|18px|true|true\u00bb box_shadow_style=\u00bbpreset2&#8243; box_shadow_horizontal=\u00bb0px\u00bb box_shadow_vertical=\u00bb12px\u00bb box_shadow_spread=\u00bb-6px\u00bb locked=\u00bboff\u00bb global_colors_info=\u00bb{}\u00bb][\/et_pb_button][\/et_pb_column][\/et_pb_row][\/et_pb_section][et_pb_section fb_built=\u00bb1&#8243; custom_padding_last_edited=\u00bbon|phone\u00bb _builder_version=\u00bb4.21.0&#8243; _module_preset=\u00bbdefault\u00bb background_color=\u00bb#000000&#8243; custom_padding=\u00bb54px||30px||false|false\u00bb custom_padding_tablet=\u00bb54px||30px||false|false\u00bb custom_padding_phone=\u00bb20px||||false|false\u00bb global_colors_info=\u00bb{}\u00bb][et_pb_row column_structure=\u00bb1_4,1_4,1_4,1_4&#8243; _builder_version=\u00bb4.21.0&#8243; _module_preset=\u00bbdefault\u00bb custom_margin=\u00bb||30px||false|false\u00bb custom_padding=\u00bb0px||20px||false|false\u00bb locked=\u00bboff\u00bb global_colors_info=\u00bb{}\u00bb][et_pb_column type=\u00bb1_4&#8243; _builder_version=\u00bb4.21.0&#8243; _module_preset=\u00bbdefault\u00bb global_colors_info=\u00bb{}\u00bb][et_pb_image src=\u00bbhttps:\/\/www.italdiamant.com\/wp-content\/uploads\/2023\/07\/Italdiamant_Fighter_SP_cutting_blades.jpg\u00bb title_text=\u00bbItaldiamant_Fighter_SP_cutting_blades\u00bb url=\u00bb@ET-DC@eyJkeW5hbWljIjp0cnVlLCJjb250ZW50IjoicG9zdF9saW5rX3VybF9wYWdlIiwic2V0dGluZ3MiOnsicG9zdF9pZCI6IjU3OCJ9fQ==@\u00bb show_bottom_space=\u00bboff\u00bb _builder_version=\u00bb4.21.0&#8243; _dynamic_attributes=\u00bburl\u00bb _module_preset=\u00bbdefault\u00bb border_radii=\u00bbon|15px|15px|15px|15px\u00bb border_width_all=\u00bb2px\u00bb border_color_all=\u00bb#009FE3&#8243; global_colors_info=\u00bb{}\u00bb][\/et_pb_image][et_pb_text _builder_version=\u00bb4.21.0&#8243; _module_preset=\u00bbdefault\u00bb text_font=\u00bbRoboto Condensed||||||||\u00bb text_text_color=\u00bb#FFFFFF\u00bb custom_margin=\u00bb5px||||false|false\u00bb global_colors_info=\u00bb{}\u00bb]<\/p>\n<p><span>DISCOS FIGHTER SP<\/span><\/p>\n<p>[\/et_pb_text][\/et_pb_column][et_pb_column type=\u00bb1_4&#8243; _builder_version=\u00bb4.21.0&#8243; _module_preset=\u00bbdefault\u00bb global_colors_info=\u00bb{}\u00bb][et_pb_image src=\u00bbhttps:\/\/www.italdiamant.com\/wp-content\/uploads\/2023\/07\/Italdiamant_Universal_2C.jpg\u00bb title_text=\u00bbItaldiamant_Universal_2C\u00bb url=\u00bb@ET-DC@eyJkeW5hbWljIjp0cnVlLCJjb250ZW50IjoicG9zdF9saW5rX3VybF9wYWdlIiwic2V0dGluZ3MiOnsicG9zdF9pZCI6IjU4MSJ9fQ==@\u00bb show_bottom_space=\u00bboff\u00bb _builder_version=\u00bb4.21.0&#8243; _dynamic_attributes=\u00bburl\u00bb _module_preset=\u00bbdefault\u00bb border_radii=\u00bbon|15px|15px|15px|15px\u00bb border_width_all=\u00bb2px\u00bb border_color_all=\u00bb#009FE3&#8243; global_colors_info=\u00bb{}\u00bb][\/et_pb_image][et_pb_text _builder_version=\u00bb4.21.0&#8243; _module_preset=\u00bbdefault\u00bb text_font=\u00bbRoboto Condensed||||||||\u00bb text_text_color=\u00bb#FFFFFF\u00bb custom_margin=\u00bb5px||||false|false\u00bb global_colors_info=\u00bb{}\u00bb]<\/p>\n<p><span>DISCOS UNIVERSAL 2C<\/span><\/p>\n<p>[\/et_pb_text][\/et_pb_column][et_pb_column type=\u00bb1_4&#8243; _builder_version=\u00bb4.21.0&#8243; _module_preset=\u00bbdefault\u00bb global_colors_info=\u00bb{}\u00bb][et_pb_image src=\u00bbhttps:\/\/www.italdiamant.com\/wp-content\/uploads\/2023\/07\/Italdiamant_Laser_PLR_cutting_blades.jpg\u00bb title_text=\u00bbItaldiamant_Laser_PLR_cutting_blades\u00bb url=\u00bb@ET-DC@eyJkeW5hbWljIjp0cnVlLCJjb250ZW50IjoicG9zdF9saW5rX3VybF9wYWdlIiwic2V0dGluZ3MiOnsicG9zdF9pZCI6IjU4NCJ9fQ==@\u00bb show_bottom_space=\u00bboff\u00bb _builder_version=\u00bb4.21.0&#8243; _dynamic_attributes=\u00bburl\u00bb _module_preset=\u00bbdefault\u00bb border_radii=\u00bbon|15px|15px|15px|15px\u00bb border_width_all=\u00bb2px\u00bb border_color_all=\u00bb#009FE3&#8243; global_colors_info=\u00bb{}\u00bb][\/et_pb_image][et_pb_text _builder_version=\u00bb4.21.0&#8243; _module_preset=\u00bbdefault\u00bb text_font=\u00bbRoboto Condensed||||||||\u00bb text_text_color=\u00bb#FFFFFF\u00bb custom_margin=\u00bb5px||||false|false\u00bb global_colors_info=\u00bb{}\u00bb]<\/p>\n<p><span>DISCOS LASER PL\/R<\/span><\/p>\n<p>[\/et_pb_text][\/et_pb_column][et_pb_column type=\u00bb1_4&#8243; _builder_version=\u00bb4.21.0&#8243; _module_preset=\u00bbdefault\u00bb global_colors_info=\u00bb{}\u00bb][et_pb_image src=\u00bbhttps:\/\/www.italdiamant.com\/wp-content\/uploads\/2023\/07\/Italdiamant_Partner_AP_ring.jpg\u00bb title_text=\u00bbItaldiamant_Partner_AP_ring\u00bb url=\u00bb@ET-DC@eyJkeW5hbWljIjp0cnVlLCJjb250ZW50IjoicG9zdF9saW5rX3VybF9wYWdlIiwic2V0dGluZ3MiOnsicG9zdF9pZCI6IjU4NyJ9fQ==@\u00bb show_bottom_space=\u00bboff\u00bb _builder_version=\u00bb4.21.0&#8243; _dynamic_attributes=\u00bburl\u00bb _module_preset=\u00bbdefault\u00bb border_radii=\u00bbon|15px|15px|15px|15px\u00bb border_width_all=\u00bb2px\u00bb border_color_all=\u00bb#009FE3&#8243; global_colors_info=\u00bb{}\u00bb][\/et_pb_image][et_pb_text _builder_version=\u00bb4.21.0&#8243; _module_preset=\u00bbdefault\u00bb text_font=\u00bbRoboto Condensed||||||||\u00bb text_text_color=\u00bb#FFFFFF\u00bb custom_margin=\u00bb5px||||false|false\u00bb global_colors_info=\u00bb{}\u00bb]<\/p>\n<p>ANILLO PARTNER AP<\/p>\n<p>[\/et_pb_text][\/et_pb_column][\/et_pb_row][et_pb_row column_structure=\u00bb1_4,1_4,1_4,1_4&#8243; _builder_version=\u00bb4.21.0&#8243; _module_preset=\u00bbdefault\u00bb custom_margin=\u00bb||30px||false|false\u00bb custom_padding=\u00bb0px||20px||false|false\u00bb locked=\u00bboff\u00bb global_colors_info=\u00bb{}\u00bb][et_pb_column type=\u00bb1_4&#8243; _builder_version=\u00bb4.21.0&#8243; _module_preset=\u00bbdefault\u00bb global_colors_info=\u00bb{}\u00bb][et_pb_image src=\u00bbhttps:\/\/www.italdiamant.com\/wp-content\/uploads\/2023\/07\/Italdiamant_Laser_8C_cutting_blades.jpg\u00bb title_text=\u00bbItaldiamant_Laser_8C_cutting_blades\u00bb url=\u00bb@ET-DC@eyJkeW5hbWljIjp0cnVlLCJjb250ZW50IjoicG9zdF9saW5rX3VybF9wYWdlIiwic2V0dGluZ3MiOnsicG9zdF9pZCI6IjU5MiJ9fQ==@\u00bb show_bottom_space=\u00bboff\u00bb _builder_version=\u00bb4.21.0&#8243; _dynamic_attributes=\u00bburl\u00bb _module_preset=\u00bbdefault\u00bb border_radii=\u00bbon|15px|15px|15px|15px\u00bb border_width_all=\u00bb2px\u00bb border_color_all=\u00bb#009FE3&#8243; global_colors_info=\u00bb{}\u00bb][\/et_pb_image][et_pb_text _builder_version=\u00bb4.21.0&#8243; _module_preset=\u00bbdefault\u00bb text_font=\u00bbRoboto Condensed||||||||\u00bb text_text_color=\u00bb#FFFFFF\u00bb custom_margin=\u00bb5px||||false|false\u00bb global_colors_info=\u00bb{}\u00bb]<\/p>\n<p><span>DISCOS LASER 8C<\/span><\/p>\n<p>[\/et_pb_text][\/et_pb_column][et_pb_column type=\u00bb1_4&#8243; _builder_version=\u00bb4.21.0&#8243; _module_preset=\u00bbdefault\u00bb global_colors_info=\u00bb{}\u00bb][et_pb_image src=\u00bbhttps:\/\/www.italdiamant.com\/wp-content\/uploads\/2025\/04\/Italdiamant_Linea_W28_drill_bits_1.jpg\u00bb title_text=\u00bbItaldiamant_Linea_W28_drill_bits_1&#8243; url=\u00bb@ET-DC@eyJkeW5hbWljIjp0cnVlLCJjb250ZW50IjoicG9zdF9saW5rX3VybF9wYWdlIiwic2V0dGluZ3MiOnsicG9zdF9pZCI6IjU5NSJ9fQ==@\u00bb show_bottom_space=\u00bboff\u00bb _builder_version=\u00bb4.27.4&#8243; _dynamic_attributes=\u00bburl\u00bb _module_preset=\u00bbdefault\u00bb hover_enabled=\u00bb0&#8243; border_radii=\u00bbon|15px|15px|15px|15px\u00bb border_width_all=\u00bb2px\u00bb border_color_all=\u00bb#009FE3&#8243; global_colors_info=\u00bb{}\u00bb sticky_enabled=\u00bb0&#8243;][\/et_pb_image][et_pb_text _builder_version=\u00bb4.21.0&#8243; _module_preset=\u00bbdefault\u00bb text_font=\u00bbRoboto Condensed||||||||\u00bb text_text_color=\u00bb#FFFFFF\u00bb custom_margin=\u00bb5px||||false|false\u00bb global_colors_info=\u00bb{}\u00bb]<\/p>\n<p><span>CORONA DIAMANTADA LINEA W28<\/span><\/p>\n<p>[\/et_pb_text][\/et_pb_column][et_pb_column type=\u00bb1_4&#8243; _builder_version=\u00bb4.21.0&#8243; _module_preset=\u00bbdefault\u00bb global_colors_info=\u00bb{}\u00bb][et_pb_image src=\u00bbhttps:\/\/www.italdiamant.com\/wp-content\/uploads\/2023\/07\/Italdiamant_Linea_D20_frill_bits.jpg\u00bb title_text=\u00bbItaldiamant_Linea_D20_frill_bits\u00bb url=\u00bb@ET-DC@eyJkeW5hbWljIjp0cnVlLCJjb250ZW50IjoicG9zdF9saW5rX3VybF9wYWdlIiwic2V0dGluZ3MiOnsicG9zdF9pZCI6IjU5OSJ9fQ==@\u00bb show_bottom_space=\u00bboff\u00bb _builder_version=\u00bb4.21.0&#8243; _dynamic_attributes=\u00bburl\u00bb _module_preset=\u00bbdefault\u00bb border_radii=\u00bbon|15px|15px|15px|15px\u00bb border_width_all=\u00bb2px\u00bb border_color_all=\u00bb#009FE3&#8243; global_colors_info=\u00bb{}\u00bb][\/et_pb_image][et_pb_text _builder_version=\u00bb4.21.0&#8243; _module_preset=\u00bbdefault\u00bb text_font=\u00bbRoboto Condensed||||||||\u00bb text_text_color=\u00bb#FFFFFF\u00bb custom_margin=\u00bb5px||||false|false\u00bb global_colors_info=\u00bb{}\u00bb]<\/p>\n<p><span>CORONA DIAMANTADA LINEA D20<\/span><\/p>\n<p>[\/et_pb_text][\/et_pb_column][et_pb_column type=\u00bb1_4&#8243; _builder_version=\u00bb4.21.0&#8243; _module_preset=\u00bbdefault\u00bb global_colors_info=\u00bb{}\u00bb][et_pb_image src=\u00bbhttps:\/\/www.italdiamant.com\/wp-content\/uploads\/2024\/12\/Italdiamant_Cesar_Virgole_GrindingTools_new.jpg\u00bb title_text=\u00bbItaldiamant_Cesar_Virgole_GrindingTools_new\u00bb url=\u00bb@ET-DC@eyJkeW5hbWljIjp0cnVlLCJjb250ZW50IjoicG9zdF9saW5rX3VybF9wYWdlIiwic2V0dGluZ3MiOnsicG9zdF9pZCI6Ijc4MCJ9fQ==@\u00bb show_bottom_space=\u00bboff\u00bb _builder_version=\u00bb4.27.4&#8243; _dynamic_attributes=\u00bburl\u00bb _module_preset=\u00bbdefault\u00bb border_radii=\u00bbon|15px|15px|15px|15px\u00bb border_width_all=\u00bb2px\u00bb border_color_all=\u00bb#009FE3&#8243; global_colors_info=\u00bb{}\u00bb][\/et_pb_image][et_pb_text _builder_version=\u00bb4.21.0&#8243; _module_preset=\u00bbdefault\u00bb text_font=\u00bbRoboto Condensed|||on|||||\u00bb text_text_color=\u00bb#FFFFFF\u00bb custom_margin=\u00bb5px||||false|false\u00bb global_colors_info=\u00bb{}\u00bb]<\/p>\n<p>PASTILLA CESAR<\/p>\n<p>[\/et_pb_text][\/et_pb_column][\/et_pb_row][et_pb_row column_structure=\u00bb1_4,1_4,1_4,1_4&#8243; _builder_version=\u00bb4.21.0&#8243; _module_preset=\u00bbdefault\u00bb custom_margin=\u00bb||30px||false|false\u00bb custom_padding=\u00bb0px||20px||false|false\u00bb locked=\u00bboff\u00bb global_colors_info=\u00bb{}\u00bb][et_pb_column type=\u00bb1_4&#8243; _builder_version=\u00bb4.21.0&#8243; _module_preset=\u00bbdefault\u00bb global_colors_info=\u00bb{}\u00bb][et_pb_image src=\u00bbhttps:\/\/www.italdiamant.com\/wp-content\/uploads\/2024\/12\/Italdiamant_Frankfurts_for_contruction_new.jpg\u00bb title_text=\u00bbItaldiamant_Frankfurts_for_contruction_new\u00bb url=\u00bb@ET-DC@eyJkeW5hbWljIjp0cnVlLCJjb250ZW50IjoicG9zdF9saW5rX3VybF9wYWdlIiwic2V0dGluZ3MiOnsicG9zdF9pZCI6IjYwMiJ9fQ==@\u00bb show_bottom_space=\u00bboff\u00bb _builder_version=\u00bb4.27.4&#8243; _dynamic_attributes=\u00bburl\u00bb _module_preset=\u00bbdefault\u00bb border_radii=\u00bbon|15px|15px|15px|15px\u00bb border_width_all=\u00bb2px\u00bb border_color_all=\u00bb#009FE3&#8243; global_colors_info=\u00bb{}\u00bb][\/et_pb_image][et_pb_text _builder_version=\u00bb4.21.0&#8243; _module_preset=\u00bbdefault\u00bb text_font=\u00bbRoboto Condensed||||||||\u00bb text_text_color=\u00bb#FFFFFF\u00bb custom_margin=\u00bb5px||||false|false\u00bb global_colors_info=\u00bb{}\u00bb]<\/p>\n<p><span>FRANKFURT PARA CONSTRUCCI\u00d3N<\/span><\/p>\n<p>[\/et_pb_text][\/et_pb_column][et_pb_column type=\u00bb1_4&#8243; _builder_version=\u00bb4.21.0&#8243; _module_preset=\u00bbdefault\u00bb global_colors_info=\u00bb{}\u00bb][\/et_pb_column][et_pb_column type=\u00bb1_4&#8243; _builder_version=\u00bb4.21.0&#8243; _module_preset=\u00bbdefault\u00bb global_colors_info=\u00bb{}\u00bb][\/et_pb_column][et_pb_column type=\u00bb1_4&#8243; _builder_version=\u00bb4.21.0&#8243; _module_preset=\u00bbdefault\u00bb global_colors_info=\u00bb{}\u00bb][\/et_pb_column][\/et_pb_row][\/et_pb_section]<\/p>\n","protected":false},"excerpt":{"rendered":"<p>herramientas diamantadas para construcci\u00f3nDISCOS FIGHTER SPDISCOS UNIVERSAL 2CDISCOS LASER PL\/RANILLO PARTNER APDISCOS LASER 8CCORONA DIAMANTADA LINEA W28CORONA DIAMANTADA LINEA D20PASTILLA CESARFRANKFURT PARA CONSTRUCCI\u00d3N<\/p>\n","protected":false},"author":1,"featured_media":0,"parent":3741,"menu_order":0,"comment_status":"closed","ping_status":"closed","template":"","meta":{"_et_pb_use_builder":"on","_et_pb_old_content":"","_et_gb_content_width":"","footnotes":""},"class_list":["post-3837","page","type-page","status-publish","hentry"],"yoast_head":"<!-- This site is optimized with the Yoast SEO plugin v27.4 - https:\/\/yoast.com\/product\/yoast-seo-wordpress\/ -->\n<title>Herramientas diamantadas para construcci\u00f3n &#8226; Italdiamant<\/title>\n<meta name=\"description\" content=\"Descubra las herramientas diamantadas Italdiamant, dise\u00f1adas espec\u00edficamente para el sector de la construcci\u00f3n\" \/>\n<meta name=\"robots\" content=\"index, follow, max-snippet:-1, max-image-preview:large, max-video-preview:-1\" \/>\n<link rel=\"canonical\" href=\"https:\/\/www.italdiamant.com\/products\/constructions-diamond-tools\/\" \/>\n<meta property=\"og:locale\" content=\"es_ES\" \/>\n<meta property=\"og:type\" content=\"article\" \/>\n<meta property=\"og:title\" content=\"Herramientas diamantadas para construcci\u00f3n &#8226; Italdiamant\" \/>\n<meta property=\"og:description\" content=\"Descubra las herramientas diamantadas Italdiamant, dise\u00f1adas espec\u00edficamente para el sector de la construcci\u00f3n\" \/>\n<meta property=\"og:url\" content=\"https:\/\/www.italdiamant.com\/products\/constructions-diamond-tools\/\" \/>\n<meta property=\"og:site_name\" content=\"Italdiamant\" \/>\n<meta property=\"article:modified_time\" content=\"2025-04-16T09:45:26+00:00\" \/>\n<meta property=\"og:image\" content=\"https:\/\/www.italdiamant.com\/wp-content\/uploads\/2023\/09\/Logo-Yoast-big.gif\" \/>\n\t<meta property=\"og:image:width\" content=\"1158\" \/>\n\t<meta property=\"og:image:height\" content=\"599\" \/>\n\t<meta property=\"og:image:type\" content=\"image\/gif\" \/>\n<meta name=\"twitter:card\" content=\"summary_large_image\" \/>\n<meta name=\"twitter:label1\" content=\"Tiempo de lectura\" \/>\n\t<meta name=\"twitter:data1\" content=\"8 minutos\" \/>\n<script type=\"application\/ld+json\" class=\"yoast-schema-graph\">{\"@context\":\"https:\\\/\\\/schema.org\",\"@graph\":[{\"@type\":\"WebPage\",\"@id\":\"https:\\\/\\\/www.italdiamant.com\\\/products\\\/constructions-diamond-tools\\\/\",\"url\":\"https:\\\/\\\/www.italdiamant.com\\\/products\\\/constructions-diamond-tools\\\/\",\"name\":\"Herramientas diamantadas para construcci\u00f3n &#8226; Italdiamant\",\"isPartOf\":{\"@id\":\"https:\\\/\\\/www.italdiamant.com\\\/#website\"},\"datePublished\":\"2023-06-28T09:52:58+00:00\",\"dateModified\":\"2025-04-16T09:45:26+00:00\",\"description\":\"Descubra las herramientas diamantadas Italdiamant, dise\u00f1adas espec\u00edficamente para el sector de la construcci\u00f3n\",\"breadcrumb\":{\"@id\":\"https:\\\/\\\/www.italdiamant.com\\\/products\\\/constructions-diamond-tools\\\/#breadcrumb\"},\"inLanguage\":\"es\",\"potentialAction\":[{\"@type\":\"ReadAction\",\"target\":[\"https:\\\/\\\/www.italdiamant.com\\\/products\\\/constructions-diamond-tools\\\/\"]}]},{\"@type\":\"BreadcrumbList\",\"@id\":\"https:\\\/\\\/www.italdiamant.com\\\/products\\\/constructions-diamond-tools\\\/#breadcrumb\",\"itemListElement\":[{\"@type\":\"ListItem\",\"position\":1,\"name\":\"Home\",\"item\":\"https:\\\/\\\/www.italdiamant.com\\\/es\\\/\"},{\"@type\":\"ListItem\",\"position\":2,\"name\":\"Productos\",\"item\":\"https:\\\/\\\/www.italdiamant.com\\\/products\\\/\"},{\"@type\":\"ListItem\",\"position\":3,\"name\":\"Herramientas diamantadas para construcci\u00f3n\"}]},{\"@type\":\"WebSite\",\"@id\":\"https:\\\/\\\/www.italdiamant.com\\\/#website\",\"url\":\"https:\\\/\\\/www.italdiamant.com\\\/\",\"name\":\"Italdiamant\",\"description\":\"always on the cutting edge\",\"publisher\":{\"@id\":\"https:\\\/\\\/www.italdiamant.com\\\/#organization\"},\"alternateName\":\"Italdiamant\",\"potentialAction\":[{\"@type\":\"SearchAction\",\"target\":{\"@type\":\"EntryPoint\",\"urlTemplate\":\"https:\\\/\\\/www.italdiamant.com\\\/?s={search_term_string}\"},\"query-input\":{\"@type\":\"PropertyValueSpecification\",\"valueRequired\":true,\"valueName\":\"search_term_string\"}}],\"inLanguage\":\"es\"},{\"@type\":\"Organization\",\"@id\":\"https:\\\/\\\/www.italdiamant.com\\\/#organization\",\"name\":\"Italdiamant\",\"url\":\"https:\\\/\\\/www.italdiamant.com\\\/\",\"logo\":{\"@type\":\"ImageObject\",\"inLanguage\":\"es\",\"@id\":\"https:\\\/\\\/www.italdiamant.com\\\/#\\\/schema\\\/logo\\\/image\\\/\",\"url\":\"https:\\\/\\\/www.italdiamant.com\\\/wp-content\\\/uploads\\\/2023\\\/09\\\/Logo-Yoast.gif\",\"contentUrl\":\"https:\\\/\\\/www.italdiamant.com\\\/wp-content\\\/uploads\\\/2023\\\/09\\\/Logo-Yoast.gif\",\"width\":257,\"height\":134,\"caption\":\"Italdiamant\"},\"image\":{\"@id\":\"https:\\\/\\\/www.italdiamant.com\\\/#\\\/schema\\\/logo\\\/image\\\/\"}}]}<\/script>\n<!-- \/ Yoast SEO plugin. -->","yoast_head_json":{"title":"Herramientas diamantadas para construcci\u00f3n &#8226; Italdiamant","description":"Descubra las herramientas diamantadas Italdiamant, dise\u00f1adas espec\u00edficamente para el sector de la construcci\u00f3n","robots":{"index":"index","follow":"follow","max-snippet":"max-snippet:-1","max-image-preview":"max-image-preview:large","max-video-preview":"max-video-preview:-1"},"canonical":"https:\/\/www.italdiamant.com\/products\/constructions-diamond-tools\/","og_locale":"es_ES","og_type":"article","og_title":"Herramientas diamantadas para construcci\u00f3n &#8226; Italdiamant","og_description":"Descubra las herramientas diamantadas Italdiamant, dise\u00f1adas espec\u00edficamente para el sector de la construcci\u00f3n","og_url":"https:\/\/www.italdiamant.com\/products\/constructions-diamond-tools\/","og_site_name":"Italdiamant","article_modified_time":"2025-04-16T09:45:26+00:00","og_image":[{"width":1158,"height":599,"url":"https:\/\/www.italdiamant.com\/wp-content\/uploads\/2023\/09\/Logo-Yoast-big.gif","type":"image\/gif"}],"twitter_card":"summary_large_image","twitter_misc":{"Tiempo de lectura":"8 minutos"},"schema":{"@context":"https:\/\/schema.org","@graph":[{"@type":"WebPage","@id":"https:\/\/www.italdiamant.com\/products\/constructions-diamond-tools\/","url":"https:\/\/www.italdiamant.com\/products\/constructions-diamond-tools\/","name":"Herramientas diamantadas para construcci\u00f3n &#8226; Italdiamant","isPartOf":{"@id":"https:\/\/www.italdiamant.com\/#website"},"datePublished":"2023-06-28T09:52:58+00:00","dateModified":"2025-04-16T09:45:26+00:00","description":"Descubra las herramientas diamantadas Italdiamant, dise\u00f1adas espec\u00edficamente para el sector de la construcci\u00f3n","breadcrumb":{"@id":"https:\/\/www.italdiamant.com\/products\/constructions-diamond-tools\/#breadcrumb"},"inLanguage":"es","potentialAction":[{"@type":"ReadAction","target":["https:\/\/www.italdiamant.com\/products\/constructions-diamond-tools\/"]}]},{"@type":"BreadcrumbList","@id":"https:\/\/www.italdiamant.com\/products\/constructions-diamond-tools\/#breadcrumb","itemListElement":[{"@type":"ListItem","position":1,"name":"Home","item":"https:\/\/www.italdiamant.com\/es\/"},{"@type":"ListItem","position":2,"name":"Productos","item":"https:\/\/www.italdiamant.com\/products\/"},{"@type":"ListItem","position":3,"name":"Herramientas diamantadas para construcci\u00f3n"}]},{"@type":"WebSite","@id":"https:\/\/www.italdiamant.com\/#website","url":"https:\/\/www.italdiamant.com\/","name":"Italdiamant","description":"always on the cutting edge","publisher":{"@id":"https:\/\/www.italdiamant.com\/#organization"},"alternateName":"Italdiamant","potentialAction":[{"@type":"SearchAction","target":{"@type":"EntryPoint","urlTemplate":"https:\/\/www.italdiamant.com\/?s={search_term_string}"},"query-input":{"@type":"PropertyValueSpecification","valueRequired":true,"valueName":"search_term_string"}}],"inLanguage":"es"},{"@type":"Organization","@id":"https:\/\/www.italdiamant.com\/#organization","name":"Italdiamant","url":"https:\/\/www.italdiamant.com\/","logo":{"@type":"ImageObject","inLanguage":"es","@id":"https:\/\/www.italdiamant.com\/#\/schema\/logo\/image\/","url":"https:\/\/www.italdiamant.com\/wp-content\/uploads\/2023\/09\/Logo-Yoast.gif","contentUrl":"https:\/\/www.italdiamant.com\/wp-content\/uploads\/2023\/09\/Logo-Yoast.gif","width":257,"height":134,"caption":"Italdiamant"},"image":{"@id":"https:\/\/www.italdiamant.com\/#\/schema\/logo\/image\/"}}]}},"_links":{"self":[{"href":"https:\/\/www.italdiamant.com\/es\/wp-json\/wp\/v2\/pages\/3837","targetHints":{"allow":["GET"]}}],"collection":[{"href":"https:\/\/www.italdiamant.com\/es\/wp-json\/wp\/v2\/pages"}],"about":[{"href":"https:\/\/www.italdiamant.com\/es\/wp-json\/wp\/v2\/types\/page"}],"author":[{"embeddable":true,"href":"https:\/\/www.italdiamant.com\/es\/wp-json\/wp\/v2\/users\/1"}],"replies":[{"embeddable":true,"href":"https:\/\/www.italdiamant.com\/es\/wp-json\/wp\/v2\/comments?post=3837"}],"version-history":[{"count":4,"href":"https:\/\/www.italdiamant.com\/es\/wp-json\/wp\/v2\/pages\/3837\/revisions"}],"predecessor-version":[{"id":12702,"href":"https:\/\/www.italdiamant.com\/es\/wp-json\/wp\/v2\/pages\/3837\/revisions\/12702"}],"up":[{"embeddable":true,"href":"https:\/\/www.italdiamant.com\/es\/wp-json\/wp\/v2\/pages\/3741"}],"wp:attachment":[{"href":"https:\/\/www.italdiamant.com\/es\/wp-json\/wp\/v2\/media?parent=3837"}],"curies":[{"name":"wp","href":"https:\/\/api.w.org\/{rel}","templated":true}]}}