{"id":1993,"date":"2023-06-30T14:15:39","date_gmt":"2023-06-30T12:15:39","guid":{"rendered":"https:\/\/www.italdiamant.com\/utensili-diamantati-per-agglomerato-di-quarzo\/dischi-diamantati-speed-master\/"},"modified":"2024-12-18T14:28:29","modified_gmt":"2024-12-18T13:28:29","slug":"dischi-diamantati-speed-master","status":"publish","type":"page","link":"https:\/\/www.italdiamant.com\/it\/prodotti\/utensili-diamantati-per-agglomerato-di-quarzo\/dischi-diamantati-speed-master\/","title":{"rendered":"Dischi diamantati Speed Master"},"content":{"rendered":"<p>[et_pb_section fb_built=&#8221;1&#8243; _builder_version=&#8221;4.21.0&#8243; _module_preset=&#8221;default&#8221; background_color=&#8221;#009FE3&#8243; custom_padding=&#8221;20px||||false|false&#8221; global_colors_info=&#8221;{}&#8221;][et_pb_row column_structure=&#8221;2_5,3_5&#8243; _builder_version=&#8221;4.21.0&#8243; _module_preset=&#8221;default&#8221; global_colors_info=&#8221;{}&#8221;][et_pb_column type=&#8221;2_5&#8243; _builder_version=&#8221;4.21.0&#8243; _module_preset=&#8221;default&#8221; global_colors_info=&#8221;{}&#8221;][et_pb_image src=&#8221;https:\/\/www.italdiamant.com\/wp-content\/uploads\/2024\/12\/Italdiamant_Speed_Master_cutting_blades_new.jpg&#8221; title_text=&#8221;Italdiamant_Speed_Master_cutting_blades_new&#8221; _builder_version=&#8221;4.27.4&#8243; _module_preset=&#8221;default&#8221; custom_margin=&#8221;||24px||false|false&#8221; custom_padding=&#8221;||0px||false|false&#8221; hover_enabled=&#8221;0&#8243; border_radii=&#8221;on|20px|20px|20px|20px&#8221; global_colors_info=&#8221;{}&#8221; sticky_enabled=&#8221;0&#8243;][\/et_pb_image][et_pb_button button_url=&#8221;https:\/\/youtu.be\/MXUzIi6JZ4w&#8221; url_new_window=&#8221;on&#8221; button_text=&#8221;guarda il video&#8221; _builder_version=&#8221;4.21.0&#8243; _module_preset=&#8221;default&#8221; custom_button=&#8221;on&#8221; button_text_size=&#8221;12px&#8221; button_text_color=&#8221;#FFFFFF&#8221; button_bg_color=&#8221;#000000&#8243; button_border_width=&#8221;0px&#8221; button_border_radius=&#8221;41px&#8221; button_letter_spacing=&#8221;2px&#8221; button_font=&#8221;Roboto Condensed|700||on|||||&#8221; custom_margin=&#8221;46px||||false|false&#8221; custom_padding=&#8221;10px|18px|10px|18px|true|true&#8221; box_shadow_style=&#8221;preset2&#8243; box_shadow_horizontal=&#8221;0px&#8221; box_shadow_vertical=&#8221;12px&#8221; box_shadow_spread=&#8221;-6px&#8221; locked=&#8221;off&#8221; global_colors_info=&#8221;{}&#8221;][\/et_pb_button][\/et_pb_column][et_pb_column type=&#8221;3_5&#8243; _builder_version=&#8221;4.21.0&#8243; _module_preset=&#8221;default&#8221; global_colors_info=&#8221;{}&#8221;][et_pb_image src=&#8221;https:\/\/www.italdiamant.com\/wp-content\/uploads\/2023\/06\/black-arrow.png&#8221; title_text=&#8221;black-arrow&#8221; _builder_version=&#8221;4.21.0&#8243; _module_preset=&#8221;default&#8221; global_colors_info=&#8221;{}&#8221;][\/et_pb_image][et_pb_text _builder_version=&#8221;4.21.0&#8243; _module_preset=&#8221;default&#8221; header_font=&#8221;Roboto Condensed|700|on|on|||||&#8221; header_font_size=&#8221;38px&#8221; header_letter_spacing=&#8221;2px&#8221; header_line_height=&#8221;1.2em&#8221; global_colors_info=&#8221;{}&#8221;]<\/p>\n<h1>dischi diamantati speed master<\/h1>\n<p>[\/et_pb_text][et_pb_text _builder_version=&#8221;4.21.0&#8243; _module_preset=&#8221;default&#8221; global_colors_info=&#8221;{}&#8221;]<\/p>\n<p>I dischi diamantati Speed Master sono il risultato dello sviluppo delle nuove tecnologie legate all\u2019applicazione del diamante industriale.<\/p>\n<p>La potenza e la qualit\u00e0 del taglio combinate con la loro incredibile produttivit\u00e0 rendono questi dischi i pi\u00f9 veloci sul mercato. Infatti possono raggiungere infatti una velocit\u00e0 di taglio di 15 m\/min.<\/p>\n<p>I dischi Speed Master sono consigliati per chi vuole portare la produzione ad un livello completamente nuovo.<\/p>\n<p>I dischi Speed Master si possono usare per il taglio di Agglomerato di quarzo e Granito.<\/p>\n<p>Per maggiori dettagli e i parametri tecnici:<br \/><span style=\"color: #ffffff;\"><a href=\"https:\/\/service.italdiamant.com\/\" style=\"color: #ffffff;\">service.italdiamant.com<\/a><\/span><\/p>\n<p>[\/et_pb_text][et_pb_button button_url=&#8221;@ET-DC@eyJkeW5hbWljIjp0cnVlLCJjb250ZW50IjoicG9zdF9saW5rX3VybF9wYWdlIiwic2V0dGluZ3MiOnsicG9zdF9pZCI6Ijg4In19@&#8221; button_text=&#8221;torna ai prodotti&#8221; _builder_version=&#8221;4.21.0&#8243; _dynamic_attributes=&#8221;button_url&#8221; _module_preset=&#8221;default&#8221; custom_button=&#8221;on&#8221; button_text_size=&#8221;12px&#8221; button_text_color=&#8221;#FFFFFF&#8221; button_bg_color=&#8221;#000000&#8243; button_border_width=&#8221;0px&#8221; button_border_radius=&#8221;41px&#8221; button_letter_spacing=&#8221;2px&#8221; button_font=&#8221;Roboto Condensed|700||on|||||&#8221; custom_margin=&#8221;46px||||false|false&#8221; custom_padding=&#8221;10px|18px|10px|18px|true|true&#8221; box_shadow_style=&#8221;preset2&#8243; box_shadow_horizontal=&#8221;0px&#8221; box_shadow_vertical=&#8221;12px&#8221; box_shadow_spread=&#8221;-6px&#8221; locked=&#8221;off&#8221; global_colors_info=&#8221;{}&#8221;][\/et_pb_button][\/et_pb_column][\/et_pb_row][\/et_pb_section][et_pb_section fb_built=&#8221;1&#8243; _builder_version=&#8221;4.21.0&#8243; _module_preset=&#8221;default&#8221; background_color=&#8221;#009FE3&#8243; background_image=&#8221;https:\/\/www.italdiamant.com\/wp-content\/uploads\/2023\/06\/blades-background.png&#8221; background_size=&#8221;custom&#8221; background_image_width=&#8221;80%&#8221; background_position=&#8221;top_center&#8221; custom_padding=&#8221;46px||80px||false|false&#8221; background_last_edited=&#8221;on|phone&#8221; background_image_width_phone=&#8221;100%&#8221; background_vertical_offset_phone=&#8221;18%&#8221; locked=&#8221;off&#8221; global_colors_info=&#8221;{}&#8221;][et_pb_row _builder_version=&#8221;4.21.0&#8243; _module_preset=&#8221;default&#8221; custom_padding=&#8221;0px||0px||false|false&#8221; global_colors_info=&#8221;{}&#8221;][et_pb_column type=&#8221;4_4&#8243; _builder_version=&#8221;4.21.0&#8243; _module_preset=&#8221;default&#8221; global_colors_info=&#8221;{}&#8221;][et_pb_divider color=&#8221;#000000&#8243; divider_weight=&#8221;4px&#8221; _builder_version=&#8221;4.21.0&#8243; _module_preset=&#8221;default&#8221; max_width=&#8221;80px&#8221; height=&#8221;4px&#8221; custom_margin=&#8221;||25px||false|false&#8221; custom_padding=&#8221;28px||0px||false|false&#8221; global_colors_info=&#8221;{}&#8221;][\/et_pb_divider][et_pb_contact_form title=&#8221;sei interessato? SCRIVICI PER MAGGIORI INFORMAZIONI&#8221; submit_button_text=&#8221;INVIA&#8221; _builder_version=&#8221;4.21.0&#8243; _module_preset=&#8221;default&#8221; _unique_id=&#8221;a4f06343-0d4e-4d88-a6e1-94efa3cc614c&#8221; form_field_background_color=&#8221;#FFFFFF&#8221; form_field_text_color=&#8221;#000000&#8243; title_level=&#8221;h2&#8243; title_font=&#8221;Roboto Condensed|700|on|on|||||&#8221; title_text_color=&#8221;#000000&#8243; title_letter_spacing=&#8221;1px&#8221; title_line_height=&#8221;1.7em&#8221; form_field_font=&#8221;Roboto||||||||&#8221; form_field_font_size=&#8221;15px&#8221; custom_button=&#8221;on&#8221; button_text_size=&#8221;16px&#8221; button_text_color=&#8221;#FFFFFF&#8221; button_bg_color=&#8221;#000000&#8243; button_border_width=&#8221;0px&#8221; button_border_radius=&#8221;41px&#8221; button_letter_spacing=&#8221;3px&#8221; button_font=&#8221;Roboto Condensed|700||on|||||&#8221; button_custom_padding=&#8221;14px|25px|14px|25px|true|true&#8221; border_radii=&#8221;on|15px|15px|15px|15px&#8221; global_colors_info=&#8221;{}&#8221;][et_pb_contact_field field_id=&#8221;Name&#8221; field_title=&#8221;Nome&#8221; _builder_version=&#8221;4.16&#8243; global_colors_info=&#8221;{}&#8221; button_text_size__hover_enabled=&#8221;off&#8221; button_one_text_size__hover_enabled=&#8221;off&#8221; button_two_text_size__hover_enabled=&#8221;off&#8221; button_text_color__hover_enabled=&#8221;off&#8221; button_one_text_color__hover_enabled=&#8221;off&#8221; button_two_text_color__hover_enabled=&#8221;off&#8221; button_border_width__hover_enabled=&#8221;off&#8221; button_one_border_width__hover_enabled=&#8221;off&#8221; button_two_border_width__hover_enabled=&#8221;off&#8221; button_border_color__hover_enabled=&#8221;off&#8221; button_one_border_color__hover_enabled=&#8221;off&#8221; button_two_border_color__hover_enabled=&#8221;off&#8221; button_border_radius__hover_enabled=&#8221;off&#8221; button_one_border_radius__hover_enabled=&#8221;off&#8221; button_two_border_radius__hover_enabled=&#8221;off&#8221; button_letter_spacing__hover_enabled=&#8221;off&#8221; button_one_letter_spacing__hover_enabled=&#8221;off&#8221; button_two_letter_spacing__hover_enabled=&#8221;off&#8221; button_bg_color__hover_enabled=&#8221;off&#8221; button_one_bg_color__hover_enabled=&#8221;off&#8221; button_two_bg_color__hover_enabled=&#8221;off&#8221;][\/et_pb_contact_field][et_pb_contact_field field_id=&#8221;Email&#8221; field_title=&#8221;Indirizzo e-mail&#8221; field_type=&#8221;email&#8221; _builder_version=&#8221;4.16&#8243; global_colors_info=&#8221;{}&#8221; button_text_size__hover_enabled=&#8221;off&#8221; button_one_text_size__hover_enabled=&#8221;off&#8221; button_two_text_size__hover_enabled=&#8221;off&#8221; button_text_color__hover_enabled=&#8221;off&#8221; button_one_text_color__hover_enabled=&#8221;off&#8221; button_two_text_color__hover_enabled=&#8221;off&#8221; button_border_width__hover_enabled=&#8221;off&#8221; button_one_border_width__hover_enabled=&#8221;off&#8221; button_two_border_width__hover_enabled=&#8221;off&#8221; button_border_color__hover_enabled=&#8221;off&#8221; button_one_border_color__hover_enabled=&#8221;off&#8221; button_two_border_color__hover_enabled=&#8221;off&#8221; button_border_radius__hover_enabled=&#8221;off&#8221; button_one_border_radius__hover_enabled=&#8221;off&#8221; button_two_border_radius__hover_enabled=&#8221;off&#8221; button_letter_spacing__hover_enabled=&#8221;off&#8221; button_one_letter_spacing__hover_enabled=&#8221;off&#8221; button_two_letter_spacing__hover_enabled=&#8221;off&#8221; button_bg_color__hover_enabled=&#8221;off&#8221; button_one_bg_color__hover_enabled=&#8221;off&#8221; button_two_bg_color__hover_enabled=&#8221;off&#8221;][\/et_pb_contact_field][et_pb_contact_field field_id=&#8221;Message&#8221; field_title=&#8221;Messaggio&#8221; field_type=&#8221;text&#8221; fullwidth_field=&#8221;on&#8221; _builder_version=&#8221;4.16&#8243; global_colors_info=&#8221;{}&#8221; button_text_size__hover_enabled=&#8221;off&#8221; button_one_text_size__hover_enabled=&#8221;off&#8221; button_two_text_size__hover_enabled=&#8221;off&#8221; button_text_color__hover_enabled=&#8221;off&#8221; button_one_text_color__hover_enabled=&#8221;off&#8221; button_two_text_color__hover_enabled=&#8221;off&#8221; button_border_width__hover_enabled=&#8221;off&#8221; button_one_border_width__hover_enabled=&#8221;off&#8221; button_two_border_width__hover_enabled=&#8221;off&#8221; button_border_color__hover_enabled=&#8221;off&#8221; button_one_border_color__hover_enabled=&#8221;off&#8221; button_two_border_color__hover_enabled=&#8221;off&#8221; button_border_radius__hover_enabled=&#8221;off&#8221; button_one_border_radius__hover_enabled=&#8221;off&#8221; button_two_border_radius__hover_enabled=&#8221;off&#8221; button_letter_spacing__hover_enabled=&#8221;off&#8221; button_one_letter_spacing__hover_enabled=&#8221;off&#8221; button_two_letter_spacing__hover_enabled=&#8221;off&#8221; button_bg_color__hover_enabled=&#8221;off&#8221; button_one_bg_color__hover_enabled=&#8221;off&#8221; button_two_bg_color__hover_enabled=&#8221;off&#8221;][\/et_pb_contact_field][\/et_pb_contact_form][\/et_pb_column][\/et_pb_row][\/et_pb_section]<\/p>\n","protected":false},"excerpt":{"rendered":"<p>dischi diamantati speed masterI dischi diamantati Speed Master sono il risultato dello sviluppo delle nuove tecnologie legate all\u2019applicazione del diamante industriale. La potenza e la qualit\u00e0 del taglio combinate con la loro incredibile produttivit\u00e0 rendono questi dischi i pi\u00f9 veloci sul mercato. Infatti possono raggiungere infatti una velocit\u00e0 di taglio di 15 m\/min. I dischi [&hellip;]<\/p>\n","protected":false},"author":1,"featured_media":0,"parent":1963,"menu_order":0,"comment_status":"closed","ping_status":"closed","template":"","meta":{"_et_pb_use_builder":"on","_et_pb_old_content":"","_et_gb_content_width":"","footnotes":""},"class_list":["post-1993","page","type-page","status-publish","hentry"],"yoast_head":"<!-- This site is optimized with the Yoast SEO plugin v27.4 - https:\/\/yoast.com\/product\/yoast-seo-wordpress\/ -->\n<title>Dischi diamantati Speed Master &#8226; Italdiamant<\/title>\n<meta name=\"description\" content=\"Scopri i dischi diamantati Speed Master di Italdiamant per il taglio dell&#039;agglomerato di quarzo: i dischi pi\u00f9 veloci nel mercato! Utensili diamantati Made in Italy e di alta qualit\u00e0\" \/>\n<meta name=\"robots\" content=\"index, follow, max-snippet:-1, max-image-preview:large, max-video-preview:-1\" \/>\n<link rel=\"canonical\" href=\"https:\/\/www.italdiamant.com\/it\/prodotti\/utensili-diamantati-per-agglomerato-di-quarzo\/dischi-diamantati-speed-master\/\" \/>\n<meta property=\"og:locale\" content=\"it_IT\" \/>\n<meta property=\"og:type\" content=\"article\" \/>\n<meta property=\"og:title\" content=\"Dischi diamantati Speed Master &#8226; Italdiamant\" \/>\n<meta property=\"og:description\" content=\"Scopri i dischi diamantati Speed Master di Italdiamant per il taglio dell&#039;agglomerato di quarzo: i dischi pi\u00f9 veloci nel mercato! Utensili diamantati Made in Italy e di alta qualit\u00e0\" \/>\n<meta property=\"og:url\" content=\"https:\/\/www.italdiamant.com\/it\/prodotti\/utensili-diamantati-per-agglomerato-di-quarzo\/dischi-diamantati-speed-master\/\" \/>\n<meta property=\"og:site_name\" content=\"Italdiamant\" \/>\n<meta property=\"article:modified_time\" content=\"2024-12-18T13:28:29+00:00\" \/>\n<meta property=\"og:image\" content=\"https:\/\/www.italdiamant.com\/wp-content\/uploads\/2023\/09\/Logo-Yoast-big.gif\" \/>\n\t<meta property=\"og:image:width\" content=\"1158\" \/>\n\t<meta property=\"og:image:height\" content=\"599\" \/>\n\t<meta property=\"og:image:type\" content=\"image\/gif\" \/>\n<meta name=\"twitter:card\" content=\"summary_large_image\" \/>\n<meta name=\"twitter:label1\" content=\"Tempo di lettura stimato\" \/>\n\t<meta name=\"twitter:data1\" content=\"2 minuti\" \/>\n<script type=\"application\/ld+json\" class=\"yoast-schema-graph\">{\"@context\":\"https:\\\/\\\/schema.org\",\"@graph\":[{\"@type\":\"WebPage\",\"@id\":\"https:\\\/\\\/www.italdiamant.com\\\/it\\\/prodotti\\\/utensili-diamantati-per-agglomerato-di-quarzo\\\/dischi-diamantati-speed-master\\\/\",\"url\":\"https:\\\/\\\/www.italdiamant.com\\\/it\\\/prodotti\\\/utensili-diamantati-per-agglomerato-di-quarzo\\\/dischi-diamantati-speed-master\\\/\",\"name\":\"Dischi diamantati Speed Master &#8226; Italdiamant\",\"isPartOf\":{\"@id\":\"https:\\\/\\\/www.italdiamant.com\\\/#website\"},\"datePublished\":\"2023-06-30T12:15:39+00:00\",\"dateModified\":\"2024-12-18T13:28:29+00:00\",\"description\":\"Scopri i dischi diamantati Speed Master di Italdiamant per il taglio dell'agglomerato di quarzo: i dischi pi\u00f9 veloci nel mercato! Utensili diamantati Made in Italy e di alta qualit\u00e0\",\"breadcrumb\":{\"@id\":\"https:\\\/\\\/www.italdiamant.com\\\/it\\\/prodotti\\\/utensili-diamantati-per-agglomerato-di-quarzo\\\/dischi-diamantati-speed-master\\\/#breadcrumb\"},\"inLanguage\":\"it-IT\",\"potentialAction\":[{\"@type\":\"ReadAction\",\"target\":[\"https:\\\/\\\/www.italdiamant.com\\\/it\\\/prodotti\\\/utensili-diamantati-per-agglomerato-di-quarzo\\\/dischi-diamantati-speed-master\\\/\"]}]},{\"@type\":\"BreadcrumbList\",\"@id\":\"https:\\\/\\\/www.italdiamant.com\\\/it\\\/prodotti\\\/utensili-diamantati-per-agglomerato-di-quarzo\\\/dischi-diamantati-speed-master\\\/#breadcrumb\",\"itemListElement\":[{\"@type\":\"ListItem\",\"position\":1,\"name\":\"Home\",\"item\":\"https:\\\/\\\/www.italdiamant.com\\\/\"},{\"@type\":\"ListItem\",\"position\":2,\"name\":\"Prodotti\",\"item\":\"https:\\\/\\\/www.italdiamant.com\\\/it\\\/prodotti\\\/\"},{\"@type\":\"ListItem\",\"position\":3,\"name\":\"Utensili diamantati per agglomerato di quarzo\",\"item\":\"https:\\\/\\\/www.italdiamant.com\\\/it\\\/prodotti\\\/utensili-diamantati-per-agglomerato-di-quarzo\\\/\"},{\"@type\":\"ListItem\",\"position\":4,\"name\":\"Dischi diamantati Speed Master\"}]},{\"@type\":\"WebSite\",\"@id\":\"https:\\\/\\\/www.italdiamant.com\\\/#website\",\"url\":\"https:\\\/\\\/www.italdiamant.com\\\/\",\"name\":\"Italdiamant\",\"description\":\"sempre all&#039;avanguardia\",\"publisher\":{\"@id\":\"https:\\\/\\\/www.italdiamant.com\\\/#organization\"},\"alternateName\":\"Italdiamant\",\"potentialAction\":[{\"@type\":\"SearchAction\",\"target\":{\"@type\":\"EntryPoint\",\"urlTemplate\":\"https:\\\/\\\/www.italdiamant.com\\\/?s={search_term_string}\"},\"query-input\":{\"@type\":\"PropertyValueSpecification\",\"valueRequired\":true,\"valueName\":\"search_term_string\"}}],\"inLanguage\":\"it-IT\"},{\"@type\":\"Organization\",\"@id\":\"https:\\\/\\\/www.italdiamant.com\\\/#organization\",\"name\":\"Italdiamant\",\"url\":\"https:\\\/\\\/www.italdiamant.com\\\/\",\"logo\":{\"@type\":\"ImageObject\",\"inLanguage\":\"it-IT\",\"@id\":\"https:\\\/\\\/www.italdiamant.com\\\/#\\\/schema\\\/logo\\\/image\\\/\",\"url\":\"https:\\\/\\\/www.italdiamant.com\\\/wp-content\\\/uploads\\\/2023\\\/09\\\/Logo-Yoast.gif\",\"contentUrl\":\"https:\\\/\\\/www.italdiamant.com\\\/wp-content\\\/uploads\\\/2023\\\/09\\\/Logo-Yoast.gif\",\"width\":257,\"height\":134,\"caption\":\"Italdiamant\"},\"image\":{\"@id\":\"https:\\\/\\\/www.italdiamant.com\\\/#\\\/schema\\\/logo\\\/image\\\/\"}}]}<\/script>\n<!-- \/ Yoast SEO plugin. -->","yoast_head_json":{"title":"Dischi diamantati Speed Master &#8226; Italdiamant","description":"Scopri i dischi diamantati Speed Master di Italdiamant per il taglio dell'agglomerato di quarzo: i dischi pi\u00f9 veloci nel mercato! Utensili diamantati Made in Italy e di alta qualit\u00e0","robots":{"index":"index","follow":"follow","max-snippet":"max-snippet:-1","max-image-preview":"max-image-preview:large","max-video-preview":"max-video-preview:-1"},"canonical":"https:\/\/www.italdiamant.com\/it\/prodotti\/utensili-diamantati-per-agglomerato-di-quarzo\/dischi-diamantati-speed-master\/","og_locale":"it_IT","og_type":"article","og_title":"Dischi diamantati Speed Master &#8226; Italdiamant","og_description":"Scopri i dischi diamantati Speed Master di Italdiamant per il taglio dell'agglomerato di quarzo: i dischi pi\u00f9 veloci nel mercato! Utensili diamantati Made in Italy e di alta qualit\u00e0","og_url":"https:\/\/www.italdiamant.com\/it\/prodotti\/utensili-diamantati-per-agglomerato-di-quarzo\/dischi-diamantati-speed-master\/","og_site_name":"Italdiamant","article_modified_time":"2024-12-18T13:28:29+00:00","og_image":[{"width":1158,"height":599,"url":"https:\/\/www.italdiamant.com\/wp-content\/uploads\/2023\/09\/Logo-Yoast-big.gif","type":"image\/gif"}],"twitter_card":"summary_large_image","twitter_misc":{"Tempo di lettura stimato":"2 minuti"},"schema":{"@context":"https:\/\/schema.org","@graph":[{"@type":"WebPage","@id":"https:\/\/www.italdiamant.com\/it\/prodotti\/utensili-diamantati-per-agglomerato-di-quarzo\/dischi-diamantati-speed-master\/","url":"https:\/\/www.italdiamant.com\/it\/prodotti\/utensili-diamantati-per-agglomerato-di-quarzo\/dischi-diamantati-speed-master\/","name":"Dischi diamantati Speed Master &#8226; Italdiamant","isPartOf":{"@id":"https:\/\/www.italdiamant.com\/#website"},"datePublished":"2023-06-30T12:15:39+00:00","dateModified":"2024-12-18T13:28:29+00:00","description":"Scopri i dischi diamantati Speed Master di Italdiamant per il taglio dell'agglomerato di quarzo: i dischi pi\u00f9 veloci nel mercato! Utensili diamantati Made in Italy e di alta qualit\u00e0","breadcrumb":{"@id":"https:\/\/www.italdiamant.com\/it\/prodotti\/utensili-diamantati-per-agglomerato-di-quarzo\/dischi-diamantati-speed-master\/#breadcrumb"},"inLanguage":"it-IT","potentialAction":[{"@type":"ReadAction","target":["https:\/\/www.italdiamant.com\/it\/prodotti\/utensili-diamantati-per-agglomerato-di-quarzo\/dischi-diamantati-speed-master\/"]}]},{"@type":"BreadcrumbList","@id":"https:\/\/www.italdiamant.com\/it\/prodotti\/utensili-diamantati-per-agglomerato-di-quarzo\/dischi-diamantati-speed-master\/#breadcrumb","itemListElement":[{"@type":"ListItem","position":1,"name":"Home","item":"https:\/\/www.italdiamant.com\/"},{"@type":"ListItem","position":2,"name":"Prodotti","item":"https:\/\/www.italdiamant.com\/it\/prodotti\/"},{"@type":"ListItem","position":3,"name":"Utensili diamantati per agglomerato di quarzo","item":"https:\/\/www.italdiamant.com\/it\/prodotti\/utensili-diamantati-per-agglomerato-di-quarzo\/"},{"@type":"ListItem","position":4,"name":"Dischi diamantati Speed Master"}]},{"@type":"WebSite","@id":"https:\/\/www.italdiamant.com\/#website","url":"https:\/\/www.italdiamant.com\/","name":"Italdiamant","description":"sempre all&#039;avanguardia","publisher":{"@id":"https:\/\/www.italdiamant.com\/#organization"},"alternateName":"Italdiamant","potentialAction":[{"@type":"SearchAction","target":{"@type":"EntryPoint","urlTemplate":"https:\/\/www.italdiamant.com\/?s={search_term_string}"},"query-input":{"@type":"PropertyValueSpecification","valueRequired":true,"valueName":"search_term_string"}}],"inLanguage":"it-IT"},{"@type":"Organization","@id":"https:\/\/www.italdiamant.com\/#organization","name":"Italdiamant","url":"https:\/\/www.italdiamant.com\/","logo":{"@type":"ImageObject","inLanguage":"it-IT","@id":"https:\/\/www.italdiamant.com\/#\/schema\/logo\/image\/","url":"https:\/\/www.italdiamant.com\/wp-content\/uploads\/2023\/09\/Logo-Yoast.gif","contentUrl":"https:\/\/www.italdiamant.com\/wp-content\/uploads\/2023\/09\/Logo-Yoast.gif","width":257,"height":134,"caption":"Italdiamant"},"image":{"@id":"https:\/\/www.italdiamant.com\/#\/schema\/logo\/image\/"}}]}},"_links":{"self":[{"href":"https:\/\/www.italdiamant.com\/it\/wp-json\/wp\/v2\/pages\/1993","targetHints":{"allow":["GET"]}}],"collection":[{"href":"https:\/\/www.italdiamant.com\/it\/wp-json\/wp\/v2\/pages"}],"about":[{"href":"https:\/\/www.italdiamant.com\/it\/wp-json\/wp\/v2\/types\/page"}],"author":[{"embeddable":true,"href":"https:\/\/www.italdiamant.com\/it\/wp-json\/wp\/v2\/users\/1"}],"replies":[{"embeddable":true,"href":"https:\/\/www.italdiamant.com\/it\/wp-json\/wp\/v2\/comments?post=1993"}],"version-history":[{"count":11,"href":"https:\/\/www.italdiamant.com\/it\/wp-json\/wp\/v2\/pages\/1993\/revisions"}],"predecessor-version":[{"id":10229,"href":"https:\/\/www.italdiamant.com\/it\/wp-json\/wp\/v2\/pages\/1993\/revisions\/10229"}],"up":[{"embeddable":true,"href":"https:\/\/www.italdiamant.com\/it\/wp-json\/wp\/v2\/pages\/1963"}],"wp:attachment":[{"href":"https:\/\/www.italdiamant.com\/it\/wp-json\/wp\/v2\/media?parent=1993"}],"curies":[{"name":"wp","href":"https:\/\/api.w.org\/{rel}","templated":true}]}}