{"id":2133,"date":"2023-06-30T15:45:56","date_gmt":"2023-06-30T13:45:56","guid":{"rendered":"https:\/\/www.italdiamant.com\/utensili-diamantati-per-marmo\/dischi-diamantati-per-taglio-marmo\/"},"modified":"2024-12-18T14:30:03","modified_gmt":"2024-12-18T13:30:03","slug":"dischi-diamantati-per-taglio-marmo","status":"publish","type":"page","link":"https:\/\/www.italdiamant.com\/it\/prodotti\/utensili-diamantati-per-marmo\/dischi-diamantati-per-taglio-marmo\/","title":{"rendered":"Dischi diamantati per taglio marmo"},"content":{"rendered":"<p>[et_pb_section fb_built=&#8221;1&#8243; _builder_version=&#8221;4.21.0&#8243; _module_preset=&#8221;default&#8221; background_color=&#8221;#009FE3&#8243; custom_padding=&#8221;20px||||false|false&#8221; global_colors_info=&#8221;{}&#8221;][et_pb_row column_structure=&#8221;2_5,3_5&#8243; _builder_version=&#8221;4.21.0&#8243; _module_preset=&#8221;default&#8221; global_colors_info=&#8221;{}&#8221;][et_pb_column type=&#8221;2_5&#8243; _builder_version=&#8221;4.21.0&#8243; _module_preset=&#8221;default&#8221; global_colors_info=&#8221;{}&#8221;][et_pb_image src=&#8221;https:\/\/www.italdiamant.com\/wp-content\/uploads\/2024\/12\/Italdiamant_cutting_blades_for_marble_new.jpg&#8221; title_text=&#8221;Italdiamant_cutting_blades_for_marble_new&#8221; _builder_version=&#8221;4.27.4&#8243; _module_preset=&#8221;default&#8221; hover_enabled=&#8221;0&#8243; border_radii=&#8221;on|20px|20px|20px|20px&#8221; global_colors_info=&#8221;{}&#8221; sticky_enabled=&#8221;0&#8243;][\/et_pb_image][\/et_pb_column][et_pb_column type=&#8221;3_5&#8243; _builder_version=&#8221;4.21.0&#8243; _module_preset=&#8221;default&#8221; global_colors_info=&#8221;{}&#8221;][et_pb_image src=&#8221;https:\/\/www.italdiamant.com\/wp-content\/uploads\/2023\/06\/black-arrow.png&#8221; title_text=&#8221;black-arrow&#8221; _builder_version=&#8221;4.21.0&#8243; _module_preset=&#8221;default&#8221; global_colors_info=&#8221;{}&#8221;][\/et_pb_image][et_pb_text _builder_version=&#8221;4.21.0&#8243; _module_preset=&#8221;default&#8221; header_font=&#8221;Roboto Condensed|700|on|on|||||&#8221; header_font_size=&#8221;38px&#8221; header_letter_spacing=&#8221;2px&#8221; header_line_height=&#8221;1.2em&#8221; global_colors_info=&#8221;{}&#8221;]<\/p>\n<h1>dischi diamantati per taglio marmo<\/h1>\n<p>[\/et_pb_text][et_pb_text _builder_version=&#8221;4.21.0&#8243; _module_preset=&#8221;default&#8221; global_colors_info=&#8221;{}&#8221;]<\/p>\n<p>I dischi diamantati professionali di Italdiamant per marmo sono pensati sia per il taglio verticale con la tagliablocchi, che per il taglio orizzontale con la spaccatrice. Possono essere disponibili con anima standard o silenziosa. La gamma dei dischi diamantati \u00e8 molto vasta, per variet\u00e0 e dimensioni. Inoltre \u00e8 possibile personalizzare e adattare il prodotto.<\/p>\n<p>[\/et_pb_text][et_pb_button button_url=&#8221;@ET-DC@eyJkeW5hbWljIjp0cnVlLCJjb250ZW50IjoicG9zdF9saW5rX3VybF9wYWdlIiwic2V0dGluZ3MiOnsicG9zdF9pZCI6Ijg4In19@&#8221; button_text=&#8221;torna ai prodotti&#8221; _builder_version=&#8221;4.21.0&#8243; _dynamic_attributes=&#8221;button_url&#8221; _module_preset=&#8221;default&#8221; custom_button=&#8221;on&#8221; button_text_size=&#8221;12px&#8221; button_text_color=&#8221;#FFFFFF&#8221; button_bg_color=&#8221;#000000&#8243; button_border_width=&#8221;0px&#8221; button_border_radius=&#8221;41px&#8221; button_letter_spacing=&#8221;2px&#8221; button_font=&#8221;Roboto Condensed|700||on|||||&#8221; custom_margin=&#8221;46px||||false|false&#8221; custom_padding=&#8221;10px|18px|10px|18px|true|true&#8221; box_shadow_style=&#8221;preset2&#8243; box_shadow_horizontal=&#8221;0px&#8221; box_shadow_vertical=&#8221;12px&#8221; box_shadow_spread=&#8221;-6px&#8221; locked=&#8221;off&#8221; global_colors_info=&#8221;{}&#8221;][\/et_pb_button][\/et_pb_column][\/et_pb_row][\/et_pb_section][et_pb_section fb_built=&#8221;1&#8243; _builder_version=&#8221;4.21.0&#8243; _module_preset=&#8221;default&#8221; background_color=&#8221;#009FE3&#8243; background_image=&#8221;https:\/\/www.italdiamant.com\/wp-content\/uploads\/2023\/06\/blades-background.png&#8221; background_size=&#8221;custom&#8221; background_image_width=&#8221;80%&#8221; background_position=&#8221;top_center&#8221; custom_padding=&#8221;46px||80px||false|false&#8221; background_last_edited=&#8221;on|phone&#8221; background_image_width_phone=&#8221;100%&#8221; background_vertical_offset_phone=&#8221;18%&#8221; global_module=&#8221;2431&#8243; saved_tabs=&#8221;all&#8221; locked=&#8221;off&#8221; global_colors_info=&#8221;{}&#8221;][et_pb_row _builder_version=&#8221;4.21.0&#8243; _module_preset=&#8221;default&#8221; custom_padding=&#8221;0px||0px||false|false&#8221; locked=&#8221;off&#8221; global_colors_info=&#8221;{}&#8221;][et_pb_column type=&#8221;4_4&#8243; _builder_version=&#8221;4.21.0&#8243; _module_preset=&#8221;default&#8221; global_colors_info=&#8221;{}&#8221;][et_pb_divider color=&#8221;#000000&#8243; divider_weight=&#8221;4px&#8221; _builder_version=&#8221;4.21.0&#8243; _module_preset=&#8221;default&#8221; max_width=&#8221;80px&#8221; height=&#8221;4px&#8221; custom_margin=&#8221;||25px||false|false&#8221; custom_padding=&#8221;28px||0px||false|false&#8221; global_colors_info=&#8221;{}&#8221;][\/et_pb_divider][et_pb_text _builder_version=&#8221;4.21.0&#8243; _module_preset=&#8221;default&#8221; header_2_font=&#8221;Roboto Condensed|700|on||||||&#8221; header_2_letter_spacing=&#8221;1px&#8221; global_colors_info=&#8221;{}&#8221;]<\/p>\n<h2 class=\"et_pb_contact_main_title et-fb-editable-element et-fb-editable-element__editing\" data-shortcode-id=\"2.0.0.1-1690531603567\" data-quickaccess-id=\"title\" contenteditable=\"true\">SEI INTERESSATO? SCRIVICI PER MAGGIORI INFORMAZIONI<\/h2>\n<p>[\/et_pb_text][dvppl_cf7_styler form_padding=&#8221;0px|0px|0px|0px|false|false&#8221; button_alignment=&#8221;right&#8221; cf7=&#8221;2301&#8243; form_field_padding=&#8221;12px|15px|10px|15px|false|false&#8221; form_background_color=&#8221;#FFFFFF&#8221; form_field_active_color=&#8221;#FF7F00&#8243; cr_custom_styles=&#8221;on&#8221; cf7_message_color=&#8221;#c42731&#8243; cf7_success_message_bg_color=&#8221;#14AA35&#8243; cf7_success_border_color=&#8221;RGBA(255,255,255,0)&#8221; _builder_version=&#8221;4.22.1&#8243; _module_preset=&#8221;default&#8221; form_field_font_text_color=&#8221;#000000&#8243; form_field_font_font_size=&#8221;15px&#8221; placeholder_text_color=&#8221;rgba(0,0,0,0.63)&#8221; custom_submit_button=&#8221;on&#8221; submit_button_text_size=&#8221;16px&#8221; submit_button_bg_color=&#8221;#000000&#8243; submit_button_border_radius=&#8221;41px&#8221; submit_button_letter_spacing=&#8221;2px&#8221; submit_button_font=&#8221;Roboto Condensed|700||on|||||&#8221; submit_button_custom_padding=&#8221;14px|25px|14px|25px|true|true&#8221; border_radii_field=&#8221;on|14px|14px|14px|14px&#8221; border_color_all_field=&#8221;RGBA(255,255,255,0)&#8221; global_colors_info=&#8221;{}&#8221;][\/dvppl_cf7_styler][\/et_pb_column][\/et_pb_row][\/et_pb_section]<\/p>\n","protected":false},"excerpt":{"rendered":"<p>dischi diamantati per taglio marmoI dischi diamantati professionali di Italdiamant per marmo sono pensati sia per il taglio verticale con la tagliablocchi, che per il taglio orizzontale con la spaccatrice. Possono essere disponibili con anima standard o silenziosa. La gamma dei dischi diamantati \u00e8 molto vasta, per variet\u00e0 e dimensioni. Inoltre \u00e8 possibile personalizzare e [&hellip;]<\/p>\n","protected":false},"author":1,"featured_media":0,"parent":2106,"menu_order":0,"comment_status":"closed","ping_status":"closed","template":"","meta":{"_et_pb_use_builder":"on","_et_pb_old_content":"","_et_gb_content_width":"","footnotes":""},"class_list":["post-2133","page","type-page","status-publish","hentry"],"yoast_head":"<!-- This site is optimized with the Yoast SEO plugin v27.4 - https:\/\/yoast.com\/product\/yoast-seo-wordpress\/ -->\n<title>Dischi diamantati per taglio marmo &#8226; Italdiamant<\/title>\n<meta name=\"description\" content=\"Scopri i dischi diamantati professionali di Italdiamant per il taglio del marmo: una vasta gamma per variet\u00e0 e dimensioni. Dischi diamantati Made in Italy di alta qualit\u00e0\" \/>\n<meta name=\"robots\" content=\"index, follow, max-snippet:-1, max-image-preview:large, max-video-preview:-1\" \/>\n<link rel=\"canonical\" href=\"https:\/\/www.italdiamant.com\/it\/prodotti\/utensili-diamantati-per-marmo\/dischi-diamantati-per-taglio-marmo\/\" \/>\n<meta property=\"og:locale\" content=\"it_IT\" \/>\n<meta property=\"og:type\" content=\"article\" \/>\n<meta property=\"og:title\" content=\"Dischi diamantati per taglio marmo &#8226; Italdiamant\" \/>\n<meta property=\"og:description\" content=\"Scopri i dischi diamantati professionali di Italdiamant per il taglio del marmo: una vasta gamma per variet\u00e0 e dimensioni. Dischi diamantati Made in Italy di alta qualit\u00e0\" \/>\n<meta property=\"og:url\" content=\"https:\/\/www.italdiamant.com\/it\/prodotti\/utensili-diamantati-per-marmo\/dischi-diamantati-per-taglio-marmo\/\" \/>\n<meta property=\"og:site_name\" content=\"Italdiamant\" \/>\n<meta property=\"article:modified_time\" content=\"2024-12-18T13:30:03+00:00\" \/>\n<meta property=\"og:image\" content=\"https:\/\/www.italdiamant.com\/wp-content\/uploads\/2023\/09\/Logo-Yoast-big.gif\" \/>\n\t<meta property=\"og:image:width\" content=\"1158\" \/>\n\t<meta property=\"og:image:height\" content=\"599\" \/>\n\t<meta property=\"og:image:type\" content=\"image\/gif\" \/>\n<meta name=\"twitter:card\" content=\"summary_large_image\" \/>\n<meta name=\"twitter:label1\" content=\"Tempo di lettura stimato\" \/>\n\t<meta name=\"twitter:data1\" content=\"1 minuto\" \/>\n<script type=\"application\/ld+json\" class=\"yoast-schema-graph\">{\"@context\":\"https:\\\/\\\/schema.org\",\"@graph\":[{\"@type\":\"WebPage\",\"@id\":\"https:\\\/\\\/www.italdiamant.com\\\/it\\\/prodotti\\\/utensili-diamantati-per-marmo\\\/dischi-diamantati-per-taglio-marmo\\\/\",\"url\":\"https:\\\/\\\/www.italdiamant.com\\\/it\\\/prodotti\\\/utensili-diamantati-per-marmo\\\/dischi-diamantati-per-taglio-marmo\\\/\",\"name\":\"Dischi diamantati per taglio marmo &#8226; Italdiamant\",\"isPartOf\":{\"@id\":\"https:\\\/\\\/www.italdiamant.com\\\/#website\"},\"datePublished\":\"2023-06-30T13:45:56+00:00\",\"dateModified\":\"2024-12-18T13:30:03+00:00\",\"description\":\"Scopri i dischi diamantati professionali di Italdiamant per il taglio del marmo: una vasta gamma per variet\u00e0 e dimensioni. Dischi diamantati Made in Italy di alta qualit\u00e0\",\"breadcrumb\":{\"@id\":\"https:\\\/\\\/www.italdiamant.com\\\/it\\\/prodotti\\\/utensili-diamantati-per-marmo\\\/dischi-diamantati-per-taglio-marmo\\\/#breadcrumb\"},\"inLanguage\":\"it-IT\",\"potentialAction\":[{\"@type\":\"ReadAction\",\"target\":[\"https:\\\/\\\/www.italdiamant.com\\\/it\\\/prodotti\\\/utensili-diamantati-per-marmo\\\/dischi-diamantati-per-taglio-marmo\\\/\"]}]},{\"@type\":\"BreadcrumbList\",\"@id\":\"https:\\\/\\\/www.italdiamant.com\\\/it\\\/prodotti\\\/utensili-diamantati-per-marmo\\\/dischi-diamantati-per-taglio-marmo\\\/#breadcrumb\",\"itemListElement\":[{\"@type\":\"ListItem\",\"position\":1,\"name\":\"Home\",\"item\":\"https:\\\/\\\/www.italdiamant.com\\\/it\\\/\"},{\"@type\":\"ListItem\",\"position\":2,\"name\":\"Prodotti\",\"item\":\"https:\\\/\\\/www.italdiamant.com\\\/it\\\/prodotti\\\/\"},{\"@type\":\"ListItem\",\"position\":3,\"name\":\"Utensili diamantati per marmo\",\"item\":\"https:\\\/\\\/www.italdiamant.com\\\/it\\\/prodotti\\\/utensili-diamantati-per-marmo\\\/\"},{\"@type\":\"ListItem\",\"position\":4,\"name\":\"Dischi diamantati per taglio marmo\"}]},{\"@type\":\"WebSite\",\"@id\":\"https:\\\/\\\/www.italdiamant.com\\\/#website\",\"url\":\"https:\\\/\\\/www.italdiamant.com\\\/\",\"name\":\"Italdiamant\",\"description\":\"sempre all&#039;avanguardia\",\"publisher\":{\"@id\":\"https:\\\/\\\/www.italdiamant.com\\\/#organization\"},\"alternateName\":\"Italdiamant\",\"potentialAction\":[{\"@type\":\"SearchAction\",\"target\":{\"@type\":\"EntryPoint\",\"urlTemplate\":\"https:\\\/\\\/www.italdiamant.com\\\/?s={search_term_string}\"},\"query-input\":{\"@type\":\"PropertyValueSpecification\",\"valueRequired\":true,\"valueName\":\"search_term_string\"}}],\"inLanguage\":\"it-IT\"},{\"@type\":\"Organization\",\"@id\":\"https:\\\/\\\/www.italdiamant.com\\\/#organization\",\"name\":\"Italdiamant\",\"url\":\"https:\\\/\\\/www.italdiamant.com\\\/\",\"logo\":{\"@type\":\"ImageObject\",\"inLanguage\":\"it-IT\",\"@id\":\"https:\\\/\\\/www.italdiamant.com\\\/#\\\/schema\\\/logo\\\/image\\\/\",\"url\":\"https:\\\/\\\/www.italdiamant.com\\\/wp-content\\\/uploads\\\/2023\\\/09\\\/Logo-Yoast.gif\",\"contentUrl\":\"https:\\\/\\\/www.italdiamant.com\\\/wp-content\\\/uploads\\\/2023\\\/09\\\/Logo-Yoast.gif\",\"width\":257,\"height\":134,\"caption\":\"Italdiamant\"},\"image\":{\"@id\":\"https:\\\/\\\/www.italdiamant.com\\\/#\\\/schema\\\/logo\\\/image\\\/\"}}]}<\/script>\n<!-- \/ Yoast SEO plugin. -->","yoast_head_json":{"title":"Dischi diamantati per taglio marmo &#8226; Italdiamant","description":"Scopri i dischi diamantati professionali di Italdiamant per il taglio del marmo: una vasta gamma per variet\u00e0 e dimensioni. Dischi diamantati Made in Italy di alta qualit\u00e0","robots":{"index":"index","follow":"follow","max-snippet":"max-snippet:-1","max-image-preview":"max-image-preview:large","max-video-preview":"max-video-preview:-1"},"canonical":"https:\/\/www.italdiamant.com\/it\/prodotti\/utensili-diamantati-per-marmo\/dischi-diamantati-per-taglio-marmo\/","og_locale":"it_IT","og_type":"article","og_title":"Dischi diamantati per taglio marmo &#8226; Italdiamant","og_description":"Scopri i dischi diamantati professionali di Italdiamant per il taglio del marmo: una vasta gamma per variet\u00e0 e dimensioni. Dischi diamantati Made in Italy di alta qualit\u00e0","og_url":"https:\/\/www.italdiamant.com\/it\/prodotti\/utensili-diamantati-per-marmo\/dischi-diamantati-per-taglio-marmo\/","og_site_name":"Italdiamant","article_modified_time":"2024-12-18T13:30:03+00:00","og_image":[{"width":1158,"height":599,"url":"https:\/\/www.italdiamant.com\/wp-content\/uploads\/2023\/09\/Logo-Yoast-big.gif","type":"image\/gif"}],"twitter_card":"summary_large_image","twitter_misc":{"Tempo di lettura stimato":"1 minuto"},"schema":{"@context":"https:\/\/schema.org","@graph":[{"@type":"WebPage","@id":"https:\/\/www.italdiamant.com\/it\/prodotti\/utensili-diamantati-per-marmo\/dischi-diamantati-per-taglio-marmo\/","url":"https:\/\/www.italdiamant.com\/it\/prodotti\/utensili-diamantati-per-marmo\/dischi-diamantati-per-taglio-marmo\/","name":"Dischi diamantati per taglio marmo &#8226; Italdiamant","isPartOf":{"@id":"https:\/\/www.italdiamant.com\/#website"},"datePublished":"2023-06-30T13:45:56+00:00","dateModified":"2024-12-18T13:30:03+00:00","description":"Scopri i dischi diamantati professionali di Italdiamant per il taglio del marmo: una vasta gamma per variet\u00e0 e dimensioni. Dischi diamantati Made in Italy di alta qualit\u00e0","breadcrumb":{"@id":"https:\/\/www.italdiamant.com\/it\/prodotti\/utensili-diamantati-per-marmo\/dischi-diamantati-per-taglio-marmo\/#breadcrumb"},"inLanguage":"it-IT","potentialAction":[{"@type":"ReadAction","target":["https:\/\/www.italdiamant.com\/it\/prodotti\/utensili-diamantati-per-marmo\/dischi-diamantati-per-taglio-marmo\/"]}]},{"@type":"BreadcrumbList","@id":"https:\/\/www.italdiamant.com\/it\/prodotti\/utensili-diamantati-per-marmo\/dischi-diamantati-per-taglio-marmo\/#breadcrumb","itemListElement":[{"@type":"ListItem","position":1,"name":"Home","item":"https:\/\/www.italdiamant.com\/it\/"},{"@type":"ListItem","position":2,"name":"Prodotti","item":"https:\/\/www.italdiamant.com\/it\/prodotti\/"},{"@type":"ListItem","position":3,"name":"Utensili diamantati per marmo","item":"https:\/\/www.italdiamant.com\/it\/prodotti\/utensili-diamantati-per-marmo\/"},{"@type":"ListItem","position":4,"name":"Dischi diamantati per taglio marmo"}]},{"@type":"WebSite","@id":"https:\/\/www.italdiamant.com\/#website","url":"https:\/\/www.italdiamant.com\/","name":"Italdiamant","description":"sempre all&#039;avanguardia","publisher":{"@id":"https:\/\/www.italdiamant.com\/#organization"},"alternateName":"Italdiamant","potentialAction":[{"@type":"SearchAction","target":{"@type":"EntryPoint","urlTemplate":"https:\/\/www.italdiamant.com\/?s={search_term_string}"},"query-input":{"@type":"PropertyValueSpecification","valueRequired":true,"valueName":"search_term_string"}}],"inLanguage":"it-IT"},{"@type":"Organization","@id":"https:\/\/www.italdiamant.com\/#organization","name":"Italdiamant","url":"https:\/\/www.italdiamant.com\/","logo":{"@type":"ImageObject","inLanguage":"it-IT","@id":"https:\/\/www.italdiamant.com\/#\/schema\/logo\/image\/","url":"https:\/\/www.italdiamant.com\/wp-content\/uploads\/2023\/09\/Logo-Yoast.gif","contentUrl":"https:\/\/www.italdiamant.com\/wp-content\/uploads\/2023\/09\/Logo-Yoast.gif","width":257,"height":134,"caption":"Italdiamant"},"image":{"@id":"https:\/\/www.italdiamant.com\/#\/schema\/logo\/image\/"}}]}},"_links":{"self":[{"href":"https:\/\/www.italdiamant.com\/it\/wp-json\/wp\/v2\/pages\/2133","targetHints":{"allow":["GET"]}}],"collection":[{"href":"https:\/\/www.italdiamant.com\/it\/wp-json\/wp\/v2\/pages"}],"about":[{"href":"https:\/\/www.italdiamant.com\/it\/wp-json\/wp\/v2\/types\/page"}],"author":[{"embeddable":true,"href":"https:\/\/www.italdiamant.com\/it\/wp-json\/wp\/v2\/users\/1"}],"replies":[{"embeddable":true,"href":"https:\/\/www.italdiamant.com\/it\/wp-json\/wp\/v2\/comments?post=2133"}],"version-history":[{"count":6,"href":"https:\/\/www.italdiamant.com\/it\/wp-json\/wp\/v2\/pages\/2133\/revisions"}],"predecessor-version":[{"id":10234,"href":"https:\/\/www.italdiamant.com\/it\/wp-json\/wp\/v2\/pages\/2133\/revisions\/10234"}],"up":[{"embeddable":true,"href":"https:\/\/www.italdiamant.com\/it\/wp-json\/wp\/v2\/pages\/2106"}],"wp:attachment":[{"href":"https:\/\/www.italdiamant.com\/it\/wp-json\/wp\/v2\/media?parent=2133"}],"curies":[{"name":"wp","href":"https:\/\/api.w.org\/{rel}","templated":true}]}}